{"id":1203,"date":"2025-05-07T15:06:27","date_gmt":"2025-05-07T15:06:27","guid":{"rendered":"https:\/\/qtgc.com\/menu\/?page_id=1203"},"modified":"2025-05-13T12:32:57","modified_gmt":"2025-05-13T12:32:57","slug":"bar-del-gimnasio-2","status":"publish","type":"page","link":"https:\/\/qtgc.com\/menu\/restaurantes\/bar-del-gimnasio-2\/","title":{"rendered":"Bar del Gimnasio"},"content":{"rendered":"\t\t<div data-elementor-type=\"wp-page\" data-elementor-id=\"1203\" class=\"elementor elementor-1203\" data-elementor-post-type=\"page\">\n\t\t\t\t<div class=\"elementor-element elementor-element-6f54a8d e-con-full e-flex e-con e-parent\" data-id=\"6f54a8d\" data-element_type=\"container\" data-e-type=\"container\" data-settings=\"{&quot;background_background&quot;:&quot;classic&quot;}\">\n\t\t<div class=\"elementor-element elementor-element-ca1a5fe e-con-full e-flex e-con e-child\" data-id=\"ca1a5fe\" data-element_type=\"container\" data-e-type=\"container\">\n\t\t\t\t<div class=\"elementor-element elementor-element-ebae949 elementor-widget__width-initial elementor-widget elementor-widget-image\" data-id=\"ebae949\" data-element_type=\"widget\" data-e-type=\"widget\" data-widget_type=\"image.default\">\n\t\t\t\t<div class=\"elementor-widget-container\">\n\t\t\t\t\t\t\t\t\t\t\t\t\t\t\t<img fetchpriority=\"high\" decoding=\"async\" width=\"526\" height=\"526\" src=\"https:\/\/qtgc.com\/menu\/wp-content\/uploads\/2025\/05\/snack-bar-2.png\" class=\"attachment-large size-large wp-image-1434\" alt=\"\" srcset=\"https:\/\/qtgc.com\/menu\/wp-content\/uploads\/2025\/05\/snack-bar-2.png 526w, https:\/\/qtgc.com\/menu\/wp-content\/uploads\/2025\/05\/snack-bar-2-300x300.png 300w, https:\/\/qtgc.com\/menu\/wp-content\/uploads\/2025\/05\/snack-bar-2-150x150.png 150w\" sizes=\"(max-width: 526px) 100vw, 526px\" \/>\t\t\t\t\t\t\t\t\t\t\t\t\t\t\t<\/div>\n\t\t\t\t<\/div>\n\t\t\t\t<div class=\"elementor-element elementor-element-3b66b23 elementor-widget-mobile_extra__width-initial elementor-widget-mobile__width-initial elementor-widget elementor-widget-text-editor\" data-id=\"3b66b23\" data-element_type=\"widget\" data-e-type=\"widget\" data-widget_type=\"text-editor.default\">\n\t\t\t\t<div class=\"elementor-widget-container\">\n\t\t\t\t\t\t\t\t\t<p><span class=\"TextRun SCXW5839841 BCX0\" lang=\"ES-MX\" xml:lang=\"ES-MX\" data-contrast=\"auto\"><span class=\"NormalTextRun SCXW5839841 BCX0\">Bebidas, wafles, <\/span><span class=\"NormalTextRun SpellingErrorV2Themed SCXW5839841 BCX0\">s\u00e1nduches<\/span><span class=\"NormalTextRun SCXW5839841 BCX0\"> pensados para nuestro p\u00fablico deportista.<\/span><\/span><\/p>\t\t\t\t\t\t\t\t<\/div>\n\t\t\t\t<\/div>\n\t\t\t\t<div class=\"elementor-element elementor-element-8c0b30b elementor-widget__width-initial elementor-widget elementor-widget-text-editor\" data-id=\"8c0b30b\" data-element_type=\"widget\" data-e-type=\"widget\" data-widget_type=\"text-editor.default\">\n\t\t\t\t<div class=\"elementor-widget-container\">\n\t\t\t\t\t\t\t\t\t<div data-id=\"3bea6d2\" data-element_type=\"widget\" data-widget_type=\"text-editor.default\"><p><strong>Horario de atenci\u00f3n:<\/strong><\/p><p>Viernes: 09h30 \u2013 18h00 <br \/>S\u00e1bados, domingos y feriados: 09h30 \u2013 18h00<\/p><\/div>\t\t\t\t\t\t\t\t<\/div>\n\t\t\t\t<\/div>\n\t\t\t\t<div class=\"elementor-element elementor-element-e6c5eea elementor-view-default elementor-widget elementor-widget-icon\" data-id=\"e6c5eea\" data-element_type=\"widget\" data-e-type=\"widget\" data-widget_type=\"icon.default\">\n\t\t\t\t<div class=\"elementor-widget-container\">\n\t\t\t\t\t\t\t<div class=\"elementor-icon-wrapper\">\n\t\t\t<div class=\"elementor-icon\">\n\t\t\t<svg xmlns=\"http:\/\/www.w3.org\/2000\/svg\" xmlns:xlink=\"http:\/\/www.w3.org\/1999\/xlink\" id=\"Capa_1\" x=\"0px\" y=\"0px\" viewBox=\"0 0 525.92 525.92\" style=\"enable-background:new 0 0 525.92 525.92;\" xml:space=\"preserve\"><g>\t<path d=\"M392.9,83.78c-13.5,14.13-27.67,27.63-40.64,42.36c-4.2,7.71,1.88,13.44,9.45,10.93c1.29-0.43,8.65-7.46,10.34-9.08  c28.95-27.6,55.91-59.75,84.74-87.72c7.68-7.88,17.6,5.81,10.84,13.36c-25.62,30.19-57.46,57.89-82.55,88.14  c-3.85,4.64-11.12,11.79-6.33,17.94c2.81,3.61,9.15,1.15,12.21-1.23c12.46-9.68,26.38-28.13,37.85-40.06  c17.51-18.2,35.65-36.05,52.82-54.73c7.33-5,16.72,10.17,8.09,16.18l-87.9,92.01c-3.93,7.19-0.33,16.55,8.49,12.78  c1.98-0.85,11.98-10.87,14.47-13.29c26.99-26.21,51.34-55.84,78.5-81.93c4.84-3.42,9.2-3.76,12.96,1.42  c5.12,7.05,2.2,9.53-2.23,15.65c-36.52,35.85-69.53,83.56-107.27,117.29c-23.73,21.21-47.77,18.64-73.95,3.74  c-9.14,10.68-18.12,21.57-27.49,32.01c-27.59,30.77-57.34,60.09-82.82,92.62c-2,16.2-9.34,31.24-19.08,43.7  c-31.26,39.97-74.16,74.67-106.4,114.41c-29.35,25.53-65.5-10.01-48.1-43.23c35.18-37.17,70.31-77.28,107.13-112.67  c12.37-11.89,26.25-20.22,38.8-31.43c21.01-18.77,42.72-42.05,62.68-62.43c17.42-17.79,34.44-36.1,51.73-54.04  c2.07-3.94-2.48-8.95-3.93-12.74c-9.34-24.41-7.46-44.64,8.56-65.24c21.61-21.31,43.05-42.87,64.89-63.91  c15.69-15.12,33.35-34,49.6-47.66c1.94-1.63,6.2-4.97,8.59-4.86c2.64,0.12,12.21,11.09,9.69,14.6  C429.15,46.12,410.95,64.89,392.9,83.78z\"><\/path>\t<path d=\"M15.02,6.96l223.6,231.59l-40.21,46.26l-3.31-0.28c-64.24-38.04-123.43-81.32-160.93-150.2  C17.41,103.56,0.43,53.76,9.48,18.29C9.97,16.39,13.69,7.31,15.02,6.96z\"><\/path>\t<path d=\"M316.88,325.91c43.24,46.56,88.03,91.74,130.27,139.21c18.6,26.51-5.04,61.52-35,52.26c-12.6-3.9-30.1-27.1-39.65-37.2  c-39.58-41.89-79.27-83.36-117.75-126.3l42-48.6c1.32-0.38,1.5,0.37,2.26,0.93C304.54,310.29,311.86,320.51,316.88,325.91z\"><\/path>\t<path d=\"M232.53,33.52c3.86,8.59,6.81,18.05,12.28,25.63l27.41,3.93l-18.5,19.04c-0.88,1.01-1.83,2.2-2.09,3.58  c-0.81,4.25,6.4,26.71,5.26,27.89c-9.13-2.5-17.32-8.9-25.85-13.17l-25.54,14.12c-0.98-1.05,6.23-24.01,5.24-28.85  c-1.04-5.1-20.31-18.87-19.67-22.13c0.25-1.27,2.15-1.31,3.14-1.46c4.96-0.75,22.12-1.27,24.8-3.34  c3.27-2.53,8.41-18.94,11.52-24.02C231.09,33.82,230.43,33.03,232.53,33.52z\"><\/path><\/g><\/svg>\t\t\t<\/div>\n\t\t<\/div>\n\t\t\t\t\t\t<\/div>\n\t\t\t\t<\/div>\n\t\t\t\t<div class=\"elementor-element elementor-element-407bce5 elementor-widget elementor-widget-button\" data-id=\"407bce5\" data-element_type=\"widget\" data-e-type=\"widget\" data-widget_type=\"button.default\">\n\t\t\t\t<div class=\"elementor-widget-container\">\n\t\t\t\t\t\t\t\t\t<div class=\"elementor-button-wrapper\">\n\t\t\t\t\t<a class=\"elementor-button elementor-button-link elementor-size-sm elementor-animation-grow\" href=\"https:\/\/qtgc.com\/menu\/wp-content\/uploads\/2025\/05\/carta-gimnasio.pdf\" target=\"_blank\">\n\t\t\t\t\t\t<span class=\"elementor-button-content-wrapper\">\n\t\t\t\t\t\t\t\t\t<span class=\"elementor-button-text\">Ver men\u00fa<\/span>\n\t\t\t\t\t<\/span>\n\t\t\t\t\t<\/a>\n\t\t\t\t<\/div>\n\t\t\t\t\t\t\t\t<\/div>\n\t\t\t\t<\/div>\n\t\t\t\t<div class=\"elementor-element elementor-element-e935369 elementor-view-stacked elementor-shape-square elementor-absolute elementor-widget elementor-widget-icon\" data-id=\"e935369\" data-element_type=\"widget\" data-e-type=\"widget\" data-settings=\"{&quot;_position&quot;:&quot;absolute&quot;}\" data-widget_type=\"icon.default\">\n\t\t\t\t<div class=\"elementor-widget-container\">\n\t\t\t\t\t\t\t<div class=\"elementor-icon-wrapper\">\n\t\t\t<a class=\"elementor-icon elementor-animation-grow\" href=\"https:\/\/qtgc.com\/menu\/restaurantes\/\">\n\t\t\t<svg aria-hidden=\"true\" class=\"e-font-icon-svg e-fas-angle-double-left\" viewBox=\"0 0 448 512\" xmlns=\"http:\/\/www.w3.org\/2000\/svg\"><path d=\"M223.7 239l136-136c9.4-9.4 24.6-9.4 33.9 0l22.6 22.6c9.4 9.4 9.4 24.6 0 33.9L319.9 256l96.4 96.4c9.4 9.4 9.4 24.6 0 33.9L393.7 409c-9.4 9.4-24.6 9.4-33.9 0l-136-136c-9.5-9.4-9.5-24.6-.1-34zm-192 34l136 136c9.4 9.4 24.6 9.4 33.9 0l22.6-22.6c9.4-9.4 9.4-24.6 0-33.9L127.9 256l96.4-96.4c9.4-9.4 9.4-24.6 0-33.9L201.7 103c-9.4-9.4-24.6-9.4-33.9 0l-136 136c-9.5 9.4-9.5 24.6-.1 34z\"><\/path><\/svg>\t\t\t<\/a>\n\t\t<\/div>\n\t\t\t\t\t\t<\/div>\n\t\t\t\t<\/div>\n\t\t\t\t<\/div>\n\t\t<div class=\"elementor-element elementor-element-1c413f6 e-con-full e-flex e-con e-child\" data-id=\"1c413f6\" data-element_type=\"container\" data-e-type=\"container\" data-settings=\"{&quot;background_background&quot;:&quot;classic&quot;}\">\n\t\t\t\t<div class=\"elementor-element elementor-element-ae74d0b elementor-widget__width-initial elementor-absolute elementor-widget elementor-widget-image\" data-id=\"ae74d0b\" data-element_type=\"widget\" data-e-type=\"widget\" data-settings=\"{&quot;_position&quot;:&quot;absolute&quot;}\" data-widget_type=\"image.default\">\n\t\t\t\t<div class=\"elementor-widget-container\">\n\t\t\t\t\t\t\t\t\t\t\t\t\t\t\t<img decoding=\"async\" width=\"532\" height=\"522\" data-src=\"https:\/\/qtgc.com\/menu\/wp-content\/uploads\/2025\/05\/wafle-gimnasio.png\" class=\"attachment-full size-full wp-image-1215 lazyload\" alt=\"\" data-srcset=\"https:\/\/qtgc.com\/menu\/wp-content\/uploads\/2025\/05\/wafle-gimnasio.png 532w, https:\/\/qtgc.com\/menu\/wp-content\/uploads\/2025\/05\/wafle-gimnasio-300x294.png 300w\" data-sizes=\"(max-width: 532px) 100vw, 532px\" src=\"data:image\/svg+xml;base64,PHN2ZyB3aWR0aD0iMSIgaGVpZ2h0PSIxIiB4bWxucz0iaHR0cDovL3d3dy53My5vcmcvMjAwMC9zdmciPjwvc3ZnPg==\" style=\"--smush-placeholder-width: 532px; --smush-placeholder-aspect-ratio: 532\/522;\" \/>\t\t\t\t\t\t\t\t\t\t\t\t\t\t\t<\/div>\n\t\t\t\t<\/div>\n\t\t\t\t<\/div>\n\t\t\t\t<\/div>\n\t\t\t\t<\/div>\n\t\t","protected":false},"excerpt":{"rendered":"<p>Bebidas, wafles, s\u00e1nduches pensados para nuestro p\u00fablico deportista. Horario de atenci\u00f3n: Viernes: 09h30 \u2013 18h00 S\u00e1bados, domingos y feriados: 09h30 \u2013 18h00 Ver men\u00fa<\/p>\n","protected":false},"author":1,"featured_media":0,"parent":479,"menu_order":0,"comment_status":"closed","ping_status":"closed","template":"elementor_header_footer","meta":{"footnotes":""},"class_list":["post-1203","page","type-page","status-publish","hentry"],"_links":{"self":[{"href":"https:\/\/qtgc.com\/menu\/wp-json\/wp\/v2\/pages\/1203","targetHints":{"allow":["GET"]}}],"collection":[{"href":"https:\/\/qtgc.com\/menu\/wp-json\/wp\/v2\/pages"}],"about":[{"href":"https:\/\/qtgc.com\/menu\/wp-json\/wp\/v2\/types\/page"}],"author":[{"embeddable":true,"href":"https:\/\/qtgc.com\/menu\/wp-json\/wp\/v2\/users\/1"}],"replies":[{"embeddable":true,"href":"https:\/\/qtgc.com\/menu\/wp-json\/wp\/v2\/comments?post=1203"}],"version-history":[{"count":22,"href":"https:\/\/qtgc.com\/menu\/wp-json\/wp\/v2\/pages\/1203\/revisions"}],"predecessor-version":[{"id":1618,"href":"https:\/\/qtgc.com\/menu\/wp-json\/wp\/v2\/pages\/1203\/revisions\/1618"}],"up":[{"embeddable":true,"href":"https:\/\/qtgc.com\/menu\/wp-json\/wp\/v2\/pages\/479"}],"wp:attachment":[{"href":"https:\/\/qtgc.com\/menu\/wp-json\/wp\/v2\/media?parent=1203"}],"curies":[{"name":"wp","href":"https:\/\/api.w.org\/{rel}","templated":true}]}}