{"id":1278,"date":"2025-05-07T16:49:15","date_gmt":"2025-05-07T16:49:15","guid":{"rendered":"https:\/\/qtgc.com\/menu\/?page_id=1278"},"modified":"2025-05-29T16:58:37","modified_gmt":"2025-05-29T16:58:37","slug":"camp-company-2","status":"publish","type":"page","link":"https:\/\/qtgc.com\/menu\/servicios\/camp-company-2\/","title":{"rendered":"Camp Company\u00a0"},"content":{"rendered":"\t\t<div data-elementor-type=\"wp-page\" data-elementor-id=\"1278\" class=\"elementor elementor-1278\" data-elementor-post-type=\"page\">\n\t\t\t\t<div class=\"elementor-element elementor-element-7f18f59 e-con-full e-flex e-con e-parent\" data-id=\"7f18f59\" data-element_type=\"container\" data-e-type=\"container\" data-settings=\"{&quot;background_background&quot;:&quot;classic&quot;}\">\n\t\t<div class=\"elementor-element elementor-element-a9644d3 e-con-full e-flex e-con e-child\" data-id=\"a9644d3\" data-element_type=\"container\" data-e-type=\"container\">\n\t\t\t\t<div class=\"elementor-element elementor-element-11d06ad elementor-view-default elementor-widget elementor-widget-icon\" data-id=\"11d06ad\" data-element_type=\"widget\" data-e-type=\"widget\" data-widget_type=\"icon.default\">\n\t\t\t\t<div class=\"elementor-widget-container\">\n\t\t\t\t\t\t\t<div class=\"elementor-icon-wrapper\">\n\t\t\t<div class=\"elementor-icon\">\n\t\t\t<svg xmlns=\"http:\/\/www.w3.org\/2000\/svg\" xmlns:xlink=\"http:\/\/www.w3.org\/1999\/xlink\" id=\"Capa_1\" x=\"0px\" y=\"0px\" viewBox=\"0 0 1200 1200\" style=\"enable-background:new 0 0 1200 1200;\" xml:space=\"preserve\">  <g>\t<g>\t\t<path d=\"M616.72,483.52l4.65-10.83l-11.72,1.3c-1.97,0.22-197.2,19.53-309.41-161.72l-6.12-9.86l-5.7,10.11   c-0.24,0.41-23.94,41.52-80.57,63.21l-8.83,3.38l5.94,7.35c2.89,3.57,68.56,84.6,97.98,105.23c0.51,15.95,2.84,82.53,7.54,149.43   c11.12,158.28,24.41,164.25,30.8,167.13c17.59,7.91,149.71,42.45,222.75,42.45c22.25,0,39.03-3.21,45.4-11.35l2.54-3.24   l-1.66-3.76c-37.74-85.76-90.13-218.68-90.89-257.92c20.81,6.67,72.74,22.28,90.59,17.72l9.78-2.53l-5.94-8.19   C612.84,580.04,589.53,546.75,616.72,483.52z M1022.22,560.16l-8.12-3.05c-41.1-15.45-58.33-44.66-58.5-44.96l-5.65-9.93   l-6.11,9.68c-25.19,39.93-55.95,63.72-91.43,70.71c-55.81,11-105.33-23.67-105.82-24.02l-9.95-7.09l-0.89,12.18   c-3.38,46.54-35.18,60.92-36.5,61.49l-8.78,3.72l6.31,7.14c11.59,13.13,58.41,34.04,72.31,40.07   c2.74,23.67-22.73,108.76-40.29,159.22l-1.24,3.58l2.36,2.96c5.13,6.42,18.14,8.93,35.24,8.93   c55.87-0.01,155.28-26.77,164.65-30.92c19.5-8.61,21.43-110.67,20.72-174.03c21.73-12.43,59.04-66.86,66.85-78.49L1022.22,560.16z    M235.03,190.58c6.06,2.1,11.67,4.01,16.89,5.79c42.24,14.37,56.47,19.21,71.6,44.77c1.69,2.87,6.55,11.09,13.92,11.09   c0.7,0,1.41-0.07,2.15-0.23c9.16-1.95,10.63-14.83,11.12-19.06c3.86-33.71-10.85-106.87-52.75-126.5   c-25.51-11.95-40.54-10.56-55.13-9.21c-19.08,1.76-38.81,3.59-89.87-30.42l-17.28-11.51l7,19.54   C144.08,78.72,177.61,170.64,235.03,190.58z M347.28,283.32l-0.6,5.46c0,0,0,0.01,0,0.01l-0.93,8.52l0.32-0.04   c-0.05,1.35-0.12,2.72-0.12,4.03c0,61.04,48.24,110.7,107.53,110.7c57.88,0,105.1-47.37,107.31-106.41l0.51,0.13l0-0.08   c16.61,3.92,28.62,5.85,36.42,5.85c0.19,0,0.38,0,0.57,0c33.47-0.42,36.28-20.92,36.38-21.79l0.71-6L583,270.57l1.38-0.16   l-30-7.13l-1.04-3.12l-0.2,0.02c-16.27-41.82-55.61-69.58-99.67-69.58c-52.93,0-97.49,39.49-105.94,92.68L347.28,283.32z    M669.95,597.24c2.77,0,5.57-0.23,8.37-0.69c20.43-3.35,37.05-19.96,40.4-40.4c2.64-16.08-2.38-31.84-13.78-43.24   c-11.4-11.4-27.16-16.43-43.24-13.78c-20.43,3.35-37.05,19.96-40.4,40.39c-2.64,16.08,2.39,31.84,13.79,43.24   C644.5,592.18,656.87,597.24,669.95,597.24z M1014.96,539.08c25.02,0,45.38-20.04,45.38-44.66s-20.36-44.66-45.38-44.66   c-25.02,0-45.37,20.03-45.37,44.66S989.94,539.08,1014.96,539.08z M267.34,290.39c0-27.23-22.15-49.39-49.39-49.39   c-27.23,0-49.4,22.16-49.4,49.39s22.16,49.39,49.4,49.39C245.19,339.79,267.34,317.63,267.34,290.39z M733.73,437L733.73,437   c5.21,4.15,14.71,9.36,28.93,15.88c-11,25.11-9.61,54.47,4.15,78.27c11.33,19.6,29.38,33.33,50.83,38.66   c6.35,1.58,12.76,2.36,19.13,2.36c14.67,0,29.12-4.14,41.99-12.19c6.05-3.78,11.58-8.4,16.53-13.75l0.25,0.24l4.66-6.03l3.78-4.89   l-0.17-0.17c17.82-27,19.12-62.84,2.77-91.11c-11.33-19.6-29.38-33.33-50.83-38.66c-20.97-5.22-42.66-1.72-61.12,9.83   c-3.19,2-6.25,4.36-9.23,6.89l-0.26-0.25l-1.83,1.82l-1.23-0.54l-1.15,1.21l-56.94-25l-2.97,5.67   C720.68,405.84,713.24,420.66,733.73,437z M250.53,958.85v-72.91h28.07v-14.06h-70.71v14.06h27.62v72.91H250.53z M384.18,958.85   h14.96V872h-14.96v36.06h-41.83V872h-14.96v86.85h14.96v-36.31h41.83V958.85z M503.89,886.05V872h-49.09v86.73h50.19v-14.06   h-35.22v-22.49h32.98v-14.12h-32.98v-22.01H503.89z M647.36,953.94c6.51,3.89,14.5,5.86,23.77,5.86c11.31,0,21.45-2.48,30.13-7.39   l0.87-0.5v-17.35l-2.67,1.79c-8.97,5.99-18.27,9.03-27.64,9.03c-8.83,0-16.17-2.81-21.81-8.35c-5.62-5.53-8.48-12.71-8.48-21.34   c0-8.68,2.83-15.7,8.63-21.44c5.73-5.67,13.06-8.55,21.77-8.55c8.63,0,17.63,2.73,26.74,8.13l2.59,1.53v-16.97l-1.02-0.45   c-25.92-11.47-46.47-8.52-61.02,5.9c-8.66,8.57-13.05,19.29-13.05,31.85c0,7.91,1.92,15.37,5.69,22.15   C635.65,944.65,640.86,950.07,647.36,953.94z M793.81,871.52h-10.38l-36.02,87.33h15.57l10.06-24.72h32.08l10.73,24.72h15.54   l-37.14-86.29L793.81,871.52z M779,920.07l9.58-24.02l10.33,24.02H779z M916.38,905.18L890.46,872h-13.47v86.85h14.96v-61.61   l22.5,28.95h3.81l22.2-28.9v61.57h15.02V872h-13.33L916.38,905.18z M1056.92,878.79c-4.89-4.58-11.47-6.91-19.57-6.91h-27.25   v86.97h15.02v-36.19h6.82c7.91,0,13.86-0.87,18.18-2.67c4.4-1.82,7.91-4.79,10.43-8.82c2.51-4.01,3.78-8.66,3.78-13.81   C1064.32,889.66,1061.83,883.41,1056.92,878.79z M1045.72,905.61c-2.2,1.99-5.46,2.99-9.69,2.99h-10.91v-22.66h10.22   c9.29,0,13.62,3.54,13.62,11.12C1048.95,900.85,1047.9,903.64,1045.72,905.61z M278.41,1059.4c-8.84,0-16.17-2.81-21.8-8.35   c-5.62-5.53-8.48-12.71-8.48-21.34c0-8.68,2.83-15.7,8.63-21.44c5.73-5.67,13.06-8.55,21.77-8.55c8.64,0,17.64,2.73,26.74,8.13   l2.59,1.53V992.4l-1.02-0.45c-25.9-11.46-46.46-8.52-61.03,5.9c-8.66,8.58-13.05,19.29-13.05,31.85c0,7.9,1.92,15.35,5.69,22.15   c3.78,6.81,9,12.22,15.5,16.1c6.51,3.89,14.5,5.86,23.77,5.86c11.31,0,21.45-2.48,30.13-7.39l0.87-0.5v-17.35l-2.67,1.79   C297.08,1056.36,287.78,1059.4,278.41,1059.4z M402.04,984.82c-12.86,0-23.66,4.28-32.1,12.74c-8.44,8.46-12.72,19.27-12.72,32.15   c0,12.56,4.25,23.16,12.63,31.52c8.38,8.36,19,12.59,31.55,12.59c13.11,0,24.14-4.23,32.79-12.57   c8.66-8.36,13.05-19.06,13.05-31.78c0-12.72-4.35-23.46-12.93-31.92C425.75,989.1,414.89,984.82,402.04,984.82z M423.42,1050.78   c-5.64,5.72-12.8,8.63-21.27,8.63c-8.55,0-15.46-2.77-21.13-8.46c-5.68-5.69-8.43-12.64-8.43-21.24c0-8.77,2.83-16.06,8.4-21.66   c5.65-5.69,12.68-8.46,21.5-8.46c8.24,0,15.28,2.87,20.92,8.55c5.65,5.67,8.52,12.76,8.52,21.09   C431.95,1037.79,429.08,1045.04,423.42,1050.78z M538.48,1019.2l-25.92-33.19H499.1v86.86h14.96v-61.61l22.5,28.95h3.81l22.2-28.9   v61.57h15.02v-86.86h-13.33L538.48,1019.2z M647.22,1036.68h6.82c7.91,0,13.86-0.87,18.18-2.67c4.4-1.82,7.91-4.79,10.43-8.82   c2.51-4.01,3.78-8.66,3.78-13.81c0-7.7-2.49-13.95-7.4-18.57c-4.89-4.59-11.47-6.91-19.57-6.91h-27.25v86.97h15.02V1036.68z    M647.22,999.96h10.22c12.21,0,13.62,6.35,13.62,11.12c0,3.79-1.06,6.58-3.24,8.55c-2.19,1.98-5.45,2.99-9.69,2.99h-10.91V999.96z    M761.56,985.54h-10.38l-36.02,87.33h15.57l10.06-24.72h32.08l10.73,24.72h15.54l-37.14-86.29L761.56,985.54z M746.75,1034.09   l9.58-24.02l10.33,24.02H746.75z M908.97,1047.8l-51.79-61.79h-11.86v86.86h14.27v-61.24l51.34,61.24h12.43v-86.86h-14.38V1047.8z    M1006.8,1013.63l-20.71-27.63h-18.23l31.49,41.58v45.27h15.25v-45.27l31.49-41.58h-18.3L1006.8,1013.63z M534.83,1130.2h14.63   v-5.49h-14.63v-8.45h15.14v-5.47h-21.63v33.51h22.12v-5.47h-15.63V1130.2z M570,1125.77l-3.92-2.09   c-1.69-0.89-2.92-1.74-3.64-2.52c-0.67-0.71-1-1.44-1-2.23c0-0.85,0.43-1.53,1.3-2.1c0.96-0.62,2.22-0.93,3.75-0.93   c2.78,0,5.42,1.07,7.86,3.18l1.14,0.98v-7.12l-0.33-0.2c-2.58-1.57-5.46-2.36-8.56-2.36c-3.26,0-5.97,0.85-8.04,2.53   c-2.11,1.71-3.18,3.96-3.18,6.71c0,1.84,0.57,3.5,1.7,4.91c1.09,1.38,2.86,2.73,5.41,4.13l3.89,2.12   c2.89,1.62,4.35,3.29,4.35,4.97c0,0.99-0.43,1.8-1.32,2.47c-0.94,0.71-2.15,1.07-3.59,1.07c-3.41,0-6.46-1.51-9.08-4.5l-1.2-1.37   v8.05l0.3,0.2c3,2.02,6.38,3.05,10.03,3.05c3.22,0,5.88-0.87,7.92-2.58c2.07-1.74,3.12-4.03,3.12-6.81   C576.9,1131.44,574.58,1128.22,570,1125.77z M611.95,1110.75h-31.22v5.47h12.25v28.13h6.52v-28.13h12.46V1110.75z M611.28,1138.83   c-0.75,0.67-1.12,1.51-1.12,2.49c0,0.97,0.38,1.8,1.14,2.45c0.72,0.63,1.61,0.95,2.65,0.95c1.05,0,1.96-0.32,2.68-0.95   c0.77-0.65,1.15-1.48,1.15-2.45c0-0.99-0.39-1.83-1.16-2.5C615.13,1137.51,612.72,1137.52,611.28,1138.83z M646.67,1138.51   c3.06-3.29,5.28-5.96,6.59-7.91c1.3-1.95,2.22-3.7,2.74-5.23c0.53-1.54,0.79-3,0.79-4.36c0-3.08-1.09-5.65-3.25-7.65   c-2.14-1.99-4.89-2.99-8.18-2.99c-3.09,0-6.12,1.08-9,3.19l-0.28,0.21v8.14l1.22-1.51c1.06-1.31,2.25-2.34,3.55-3.04   c1.3-0.71,2.57-1.06,3.9-1.06c1.72,0,3.05,0.48,4.07,1.46c1.01,0.96,1.5,2.23,1.5,3.87c0,1.2-0.28,2.44-0.85,3.68   c-0.59,1.3-1.87,3.24-3.81,5.79c-1.95,2.56-4.64,5.75-7.97,9.48l-2.34,2.48v1.28h23.98v-5.82h-12.7L646.67,1138.51z    M676.38,1110.38c-3.68,0-6.71,1.64-9,4.89c-2.24,3.17-3.37,7.31-3.37,12.32c0,5.07,1.1,9.21,3.27,12.31   c2.22,3.18,5.22,4.78,8.9,4.78c3.63,0,6.62-1.64,8.89-4.88c2.21-3.16,3.33-7.3,3.33-12.31c0-4.88-1.12-8.97-3.32-12.17   C682.81,1112.04,679.88,1110.38,676.38,1110.38z M680.2,1136.18c-1.02,1.94-2.36,2.89-4.07,2.89c-1.72,0-3.04-0.94-4.05-2.88   c-1.07-2.06-1.61-4.97-1.61-8.65c0-3.58,0.56-6.44,1.65-8.52c1.03-1.95,2.36-2.89,4.06-2.89h0.25c1.59,0,2.84,0.96,3.82,2.94   c1.05,2.11,1.58,5,1.58,8.61C681.83,1131.26,681.28,1134.12,680.2,1136.18z M705.19,1110.38c-3.68,0-6.71,1.64-9,4.89   c-2.24,3.17-3.37,7.31-3.37,12.32c0,5.07,1.1,9.21,3.27,12.31c2.22,3.18,5.22,4.78,8.9,4.78c3.63,0,6.62-1.64,8.89-4.88   c2.21-3.16,3.33-7.3,3.33-12.31c0-4.88-1.12-8.97-3.32-12.17C711.62,1112.04,708.69,1110.38,705.19,1110.38z M709.01,1136.18   c-1.02,1.94-2.36,2.89-4.07,2.89c-1.72,0-3.04-0.94-4.05-2.88c-1.07-2.06-1.61-4.97-1.61-8.65c0-3.58,0.56-6.44,1.65-8.52   c1.03-1.95,2.36-2.89,4.06-2.89h0.25c1.59,0,2.84,0.96,3.82,2.94c1.05,2.11,1.58,5,1.58,8.61   C710.65,1131.26,710.1,1134.12,709.01,1136.18z M740.74,1125.99c-2.35-1.99-5.38-3-8.99-3c-0.14,0-0.28,0-0.41,0.01v-6.72h11.21   v-5.47h-17.23v18.47l0.95-0.4c0.44-0.18,1.48-0.41,3.88-0.41c2.21,0,4.07,0.53,5.53,1.59c1.41,1.02,2.09,2.24,2.09,3.72   c0,1.43-0.63,2.61-1.92,3.61c-1.33,1.03-3.01,1.55-4.99,1.55c-2.32,0-4.74-0.73-7.2-2.16l-1.03-0.6v6.38l0.4,0.18   c2.81,1.3,5.75,1.96,8.73,1.96c3.67,0,6.7-1.02,9.03-3.02c2.36-2.02,3.55-4.67,3.55-7.9   C744.33,1130.62,743.13,1128,740.74,1125.99z\"><\/path>\t<\/g><\/g><\/svg>\t\t\t<\/div>\n\t\t<\/div>\n\t\t\t\t\t\t<\/div>\n\t\t\t\t<\/div>\n\t\t\t\t<div class=\"elementor-element elementor-element-79eb7db elementor-widget-mobile__width-initial elementor-widget elementor-widget-text-editor\" data-id=\"79eb7db\" data-element_type=\"widget\" data-e-type=\"widget\" data-widget_type=\"text-editor.default\">\n\t\t\t\t<div class=\"elementor-widget-container\">\n\t\t\t\t\t\t\t\t\t<p><span class=\"TextRun SCXW97685363 BCX0\" lang=\"ES-ES\" xml:lang=\"ES-ES\" data-contrast=\"auto\"><span class=\"NormalTextRun SCXW97685363 BCX0\">El servicio de cuidado de ni\u00f1os a trav\u00e9s de la empresa Camp Company en el Parque Infantil est\u00e1 dise\u00f1ado para ofrecer a los padres la oportunidad de disfrutar de sus actividades deportivas o sociales mientras sus hijos disfrutan de manera segura y educativa en un entorno divertido con personal capacitado en manejo de grupos infantiles. <\/span><\/span><span class=\"EOP SCXW97685363 BCX0\" data-ccp-props=\"{&quot;201341983&quot;:0,&quot;335559740&quot;:240}\">\u00a0<\/span><\/p>\t\t\t\t\t\t\t\t<\/div>\n\t\t\t\t<\/div>\n\t\t\t\t<div class=\"elementor-element elementor-element-55a5015 elementor-widget__width-initial elementor-widget elementor-widget-text-editor\" data-id=\"55a5015\" data-element_type=\"widget\" data-e-type=\"widget\" data-widget_type=\"text-editor.default\">\n\t\t\t\t<div class=\"elementor-widget-container\">\n\t\t\t\t\t\t\t\t\t<div data-id=\"3bea6d2\" data-element_type=\"widget\" data-widget_type=\"text-editor.default\"><p><strong>Horario de atenci\u00f3n:\u00a0<\/strong><\/p><p>S\u00e1bados y domingos: de 11h00 a 15h00.<\/p><\/div>\t\t\t\t\t\t\t\t<\/div>\n\t\t\t\t<\/div>\n\t\t\t\t<div class=\"elementor-element elementor-element-dd4ba55 elementor-widget elementor-widget-n-accordion\" data-id=\"dd4ba55\" data-element_type=\"widget\" data-e-type=\"widget\" data-settings=\"{&quot;default_state&quot;:&quot;all_collapsed&quot;,&quot;max_items_expended&quot;:&quot;one&quot;,&quot;n_accordion_animation_duration&quot;:{&quot;unit&quot;:&quot;ms&quot;,&quot;size&quot;:400,&quot;sizes&quot;:[]}}\" data-widget_type=\"nested-accordion.default\">\n\t\t\t\t<div class=\"elementor-widget-container\">\n\t\t\t\t\t\t\t<div class=\"e-n-accordion\" aria-label=\"Accordion. Open links with Enter or Space, close with Escape, and navigate with Arrow Keys\">\n\t\t\t\t\t\t<details id=\"e-n-accordion-item-2320\" class=\"e-n-accordion-item\" >\n\t\t\t\t<summary class=\"e-n-accordion-item-title\" data-accordion-index=\"1\" tabindex=\"0\" aria-expanded=\"false\" aria-controls=\"e-n-accordion-item-2320\" >\n\t\t\t\t\t<span class='e-n-accordion-item-title-header'><div class=\"e-n-accordion-item-title-text\"> Actividades Variadas:  <\/div><\/span>\n\t\t\t\t\t\t\t<span class='e-n-accordion-item-title-icon'>\n\t\t\t<span class='e-opened' ><svg aria-hidden=\"true\" class=\"e-font-icon-svg e-fas-minus\" viewBox=\"0 0 448 512\" xmlns=\"http:\/\/www.w3.org\/2000\/svg\"><path d=\"M416 208H32c-17.67 0-32 14.33-32 32v32c0 17.67 14.33 32 32 32h384c17.67 0 32-14.33 32-32v-32c0-17.67-14.33-32-32-32z\"><\/path><\/svg><\/span>\n\t\t\t<span class='e-closed'><svg aria-hidden=\"true\" class=\"e-font-icon-svg e-fas-plus\" viewBox=\"0 0 448 512\" xmlns=\"http:\/\/www.w3.org\/2000\/svg\"><path d=\"M416 208H272V64c0-17.67-14.33-32-32-32h-32c-17.67 0-32 14.33-32 32v144H32c-17.67 0-32 14.33-32 32v32c0 17.67 14.33 32 32 32h144v144c0 17.67 14.33 32 32 32h32c17.67 0 32-14.33 32-32V304h144c17.67 0 32-14.33 32-32v-32c0-17.67-14.33-32-32-32z\"><\/path><\/svg><\/span>\n\t\t<\/span>\n\n\t\t\t\t\t\t<\/summary>\n\t\t\t\t<div role=\"region\" aria-labelledby=\"e-n-accordion-item-2320\" class=\"elementor-element elementor-element-461f5dc e-con-full e-flex e-con e-child\" data-id=\"461f5dc\" data-element_type=\"container\" data-e-type=\"container\">\n\t\t\t\t<div class=\"elementor-element elementor-element-5233219 elementor-widget-mobile__width-initial elementor-widget elementor-widget-text-editor\" data-id=\"5233219\" data-element_type=\"widget\" data-e-type=\"widget\" data-widget_type=\"text-editor.default\">\n\t\t\t\t<div class=\"elementor-widget-container\">\n\t\t\t\t\t\t\t\t\t<ul><li><span data-contrast=\"auto\">Juegos al aire libre: como carreras, juegos de pelota, actividades de equipo.<\/span><\/li><li><span data-contrast=\"auto\">Talleres creativos: pintura, manualidades, actividades de desarrollo de habilidades motoras finas.<\/span><\/li><li><span data-contrast=\"auto\">Actividades deportivas: para fomentar el trabajo en equipo, la coordinaci\u00f3n y el ejercicio f\u00edsico.<\/span><\/li><li><span data-contrast=\"auto\">Juegos educativos: actividades que ayudan a desarrollar el pensamiento cr\u00edtico y la resoluci\u00f3n de problemas.<\/span><\/li><li><span data-contrast=\"auto\">Juegos interactivos y de colaboraci\u00f3n: como din\u00e1micas grupales para mejorar las habilidades sociales y de comunicaci\u00f3n entre los ni\u00f1os.<\/span><\/li><\/ul>\t\t\t\t\t\t\t\t<\/div>\n\t\t\t\t<\/div>\n\t\t\t\t<\/div>\n\t\t\t\t\t<\/details>\n\t\t\t\t\t<\/div>\n\t\t\t\t\t\t<\/div>\n\t\t\t\t<\/div>\n\t\t\t\t<div class=\"elementor-element elementor-element-203c2eb elementor-view-stacked elementor-shape-square elementor-absolute elementor-widget elementor-widget-icon\" data-id=\"203c2eb\" data-element_type=\"widget\" data-e-type=\"widget\" data-settings=\"{&quot;_position&quot;:&quot;absolute&quot;}\" data-widget_type=\"icon.default\">\n\t\t\t\t<div class=\"elementor-widget-container\">\n\t\t\t\t\t\t\t<div class=\"elementor-icon-wrapper\">\n\t\t\t<a class=\"elementor-icon elementor-animation-grow\" href=\"https:\/\/qtgc.com\/menu\/servicios\/\">\n\t\t\t<svg aria-hidden=\"true\" class=\"e-font-icon-svg e-fas-angle-double-left\" viewBox=\"0 0 448 512\" xmlns=\"http:\/\/www.w3.org\/2000\/svg\"><path d=\"M223.7 239l136-136c9.4-9.4 24.6-9.4 33.9 0l22.6 22.6c9.4 9.4 9.4 24.6 0 33.9L319.9 256l96.4 96.4c9.4 9.4 9.4 24.6 0 33.9L393.7 409c-9.4 9.4-24.6 9.4-33.9 0l-136-136c-9.5-9.4-9.5-24.6-.1-34zm-192 34l136 136c9.4 9.4 24.6 9.4 33.9 0l22.6-22.6c9.4-9.4 9.4-24.6 0-33.9L127.9 256l96.4-96.4c9.4-9.4 9.4-24.6 0-33.9L201.7 103c-9.4-9.4-24.6-9.4-33.9 0l-136 136c-9.5 9.4-9.5 24.6-.1 34z\"><\/path><\/svg>\t\t\t<\/a>\n\t\t<\/div>\n\t\t\t\t\t\t<\/div>\n\t\t\t\t<\/div>\n\t\t\t\t<\/div>\n\t\t<div class=\"elementor-element elementor-element-db1c8dc e-con-full e-flex e-con e-child\" data-id=\"db1c8dc\" data-element_type=\"container\" data-e-type=\"container\" data-settings=\"{&quot;background_background&quot;:&quot;classic&quot;}\">\n\t\t\t\t<div class=\"elementor-element elementor-element-8985bee elementor-widget__width-initial elementor-absolute elementor-widget elementor-widget-image\" data-id=\"8985bee\" data-element_type=\"widget\" data-e-type=\"widget\" data-settings=\"{&quot;_position&quot;:&quot;absolute&quot;}\" data-widget_type=\"image.default\">\n\t\t\t\t<div class=\"elementor-widget-container\">\n\t\t\t\t\t\t\t\t\t\t\t\t\t\t\t<img fetchpriority=\"high\" decoding=\"async\" width=\"532\" height=\"522\" src=\"https:\/\/qtgc.com\/menu\/wp-content\/uploads\/2025\/05\/camp-compani-p-1.png\" class=\"attachment-full size-full wp-image-1578\" alt=\"\" srcset=\"https:\/\/qtgc.com\/menu\/wp-content\/uploads\/2025\/05\/camp-compani-p-1.png 532w, https:\/\/qtgc.com\/menu\/wp-content\/uploads\/2025\/05\/camp-compani-p-1-300x294.png 300w\" sizes=\"(max-width: 532px) 100vw, 532px\" \/>\t\t\t\t\t\t\t\t\t\t\t\t\t\t\t<\/div>\n\t\t\t\t<\/div>\n\t\t\t\t<\/div>\n\t\t\t\t<\/div>\n\t\t\t\t<\/div>\n\t\t","protected":false},"excerpt":{"rendered":"<p>El servicio de cuidado de ni\u00f1os a trav\u00e9s de la empresa Camp Company en el Parque Infantil est\u00e1 dise\u00f1ado para ofrecer a los padres la oportunidad de disfrutar de sus actividades deportivas o sociales mientras sus hijos disfrutan de manera segura y educativa en un entorno divertido con personal capacitado en manejo de grupos infantiles. [&hellip;]<\/p>\n","protected":false},"author":1,"featured_media":0,"parent":511,"menu_order":0,"comment_status":"closed","ping_status":"closed","template":"elementor_header_footer","meta":{"footnotes":""},"class_list":["post-1278","page","type-page","status-publish","hentry"],"_links":{"self":[{"href":"https:\/\/qtgc.com\/menu\/wp-json\/wp\/v2\/pages\/1278","targetHints":{"allow":["GET"]}}],"collection":[{"href":"https:\/\/qtgc.com\/menu\/wp-json\/wp\/v2\/pages"}],"about":[{"href":"https:\/\/qtgc.com\/menu\/wp-json\/wp\/v2\/types\/page"}],"author":[{"embeddable":true,"href":"https:\/\/qtgc.com\/menu\/wp-json\/wp\/v2\/users\/1"}],"replies":[{"embeddable":true,"href":"https:\/\/qtgc.com\/menu\/wp-json\/wp\/v2\/comments?post=1278"}],"version-history":[{"count":37,"href":"https:\/\/qtgc.com\/menu\/wp-json\/wp\/v2\/pages\/1278\/revisions"}],"predecessor-version":[{"id":2009,"href":"https:\/\/qtgc.com\/menu\/wp-json\/wp\/v2\/pages\/1278\/revisions\/2009"}],"up":[{"embeddable":true,"href":"https:\/\/qtgc.com\/menu\/wp-json\/wp\/v2\/pages\/511"}],"wp:attachment":[{"href":"https:\/\/qtgc.com\/menu\/wp-json\/wp\/v2\/media?parent=1278"}],"curies":[{"name":"wp","href":"https:\/\/api.w.org\/{rel}","templated":true}]}}