{"id":1284,"date":"2025-05-07T16:52:56","date_gmt":"2025-05-07T16:52:56","guid":{"rendered":"https:\/\/qtgc.com\/menu\/?page_id=1284"},"modified":"2025-06-23T14:59:12","modified_gmt":"2025-06-23T14:59:12","slug":"delihome","status":"publish","type":"page","link":"https:\/\/qtgc.com\/menu\/servicios\/delihome\/","title":{"rendered":"Delihome"},"content":{"rendered":"\t\t<div data-elementor-type=\"wp-page\" data-elementor-id=\"1284\" class=\"elementor elementor-1284\" data-elementor-post-type=\"page\">\n\t\t\t\t<div class=\"elementor-element elementor-element-f668274 e-con-full e-flex e-con e-parent\" data-id=\"f668274\" data-element_type=\"container\" data-e-type=\"container\" data-settings=\"{&quot;background_background&quot;:&quot;classic&quot;}\">\n\t\t<div class=\"elementor-element elementor-element-df4377f e-con-full e-flex e-con e-child\" data-id=\"df4377f\" data-element_type=\"container\" data-e-type=\"container\">\n\t\t\t\t<div class=\"elementor-element elementor-element-32aa707 elementor-widget elementor-widget-image\" data-id=\"32aa707\" data-element_type=\"widget\" data-e-type=\"widget\" data-widget_type=\"image.default\">\n\t\t\t\t<div class=\"elementor-widget-container\">\n\t\t\t\t\t\t\t\t\t\t\t\t\t\t\t<img fetchpriority=\"high\" decoding=\"async\" width=\"526\" height=\"526\" src=\"https:\/\/qtgc.com\/menu\/wp-content\/uploads\/2025\/04\/delihome.png\" class=\"attachment-full size-full wp-image-486\" alt=\"\" srcset=\"https:\/\/qtgc.com\/menu\/wp-content\/uploads\/2025\/04\/delihome.png 526w, https:\/\/qtgc.com\/menu\/wp-content\/uploads\/2025\/04\/delihome-300x300.png 300w, https:\/\/qtgc.com\/menu\/wp-content\/uploads\/2025\/04\/delihome-150x150.png 150w\" sizes=\"(max-width: 526px) 100vw, 526px\" \/>\t\t\t\t\t\t\t\t\t\t\t\t\t\t\t<\/div>\n\t\t\t\t<\/div>\n\t\t\t\t<div class=\"elementor-element elementor-element-8784ee4 elementor-widget-mobile__width-initial elementor-widget elementor-widget-text-editor\" data-id=\"8784ee4\" data-element_type=\"widget\" data-e-type=\"widget\" data-widget_type=\"text-editor.default\">\n\t\t\t\t<div class=\"elementor-widget-container\">\n\t\t\t\t\t\t\t\t\t<p>Servicio de atenci\u00f3n a domicilio, disfruta de la oferta gastron\u00f3mica del QTGC desde la comodidad de tu hogar.<\/p>\t\t\t\t\t\t\t\t<\/div>\n\t\t\t\t<\/div>\n\t\t\t\t<div class=\"elementor-element elementor-element-d0392c5 elementor-widget__width-initial elementor-widget elementor-widget-text-editor\" data-id=\"d0392c5\" data-element_type=\"widget\" data-e-type=\"widget\" data-widget_type=\"text-editor.default\">\n\t\t\t\t<div class=\"elementor-widget-container\">\n\t\t\t\t\t\t\t\t\t<div data-id=\"3bea6d2\" data-element_type=\"widget\" data-widget_type=\"text-editor.default\"><p><strong>Horario de atenci\u00f3n:\u00a0<\/strong><\/p><p>Martes a viernes: 07h30 \u2013 21h00.<br \/>S\u00e1bados, domingos y feriados: 07h00 \u2013 19h00.<br \/>Realiza tu pedido al: 0998150318<\/p><\/div>\t\t\t\t\t\t\t\t<\/div>\n\t\t\t\t<\/div>\n\t\t\t\t<div class=\"elementor-element elementor-element-1014468 elementor-view-stacked elementor-shape-square elementor-absolute elementor-widget elementor-widget-icon\" data-id=\"1014468\" data-element_type=\"widget\" data-e-type=\"widget\" data-settings=\"{&quot;_position&quot;:&quot;absolute&quot;}\" data-widget_type=\"icon.default\">\n\t\t\t\t<div class=\"elementor-widget-container\">\n\t\t\t\t\t\t\t<div class=\"elementor-icon-wrapper\">\n\t\t\t<a class=\"elementor-icon elementor-animation-grow\" href=\"https:\/\/qtgc.com\/menu\/servicios\/\">\n\t\t\t<svg aria-hidden=\"true\" class=\"e-font-icon-svg e-fas-angle-double-left\" viewBox=\"0 0 448 512\" xmlns=\"http:\/\/www.w3.org\/2000\/svg\"><path d=\"M223.7 239l136-136c9.4-9.4 24.6-9.4 33.9 0l22.6 22.6c9.4 9.4 9.4 24.6 0 33.9L319.9 256l96.4 96.4c9.4 9.4 9.4 24.6 0 33.9L393.7 409c-9.4 9.4-24.6 9.4-33.9 0l-136-136c-9.5-9.4-9.5-24.6-.1-34zm-192 34l136 136c9.4 9.4 24.6 9.4 33.9 0l22.6-22.6c9.4-9.4 9.4-24.6 0-33.9L127.9 256l96.4-96.4c9.4-9.4 9.4-24.6 0-33.9L201.7 103c-9.4-9.4-24.6-9.4-33.9 0l-136 136c-9.5 9.4-9.5 24.6-.1 34z\"><\/path><\/svg>\t\t\t<\/a>\n\t\t<\/div>\n\t\t\t\t\t\t<\/div>\n\t\t\t\t<\/div>\n\t\t\t\t<\/div>\n\t\t<div class=\"elementor-element elementor-element-8ead729 e-con-full e-flex e-con e-child\" data-id=\"8ead729\" data-element_type=\"container\" data-e-type=\"container\" data-settings=\"{&quot;background_background&quot;:&quot;classic&quot;}\">\n\t\t\t\t<div class=\"elementor-element elementor-element-3efd194 elementor-widget__width-initial elementor-absolute elementor-widget elementor-widget-image\" data-id=\"3efd194\" data-element_type=\"widget\" data-e-type=\"widget\" data-settings=\"{&quot;_position&quot;:&quot;absolute&quot;}\" data-widget_type=\"image.default\">\n\t\t\t\t<div class=\"elementor-widget-container\">\n\t\t\t\t\t\t\t\t\t\t\t\t\t\t\t<img decoding=\"async\" width=\"532\" height=\"522\" data-src=\"https:\/\/qtgc.com\/menu\/wp-content\/uploads\/2025\/05\/delihome-p.png\" class=\"attachment-full size-full wp-image-1364 lazyload\" alt=\"\" data-srcset=\"https:\/\/qtgc.com\/menu\/wp-content\/uploads\/2025\/05\/delihome-p.png 532w, https:\/\/qtgc.com\/menu\/wp-content\/uploads\/2025\/05\/delihome-p-300x294.png 300w\" data-sizes=\"(max-width: 532px) 100vw, 532px\" src=\"data:image\/svg+xml;base64,PHN2ZyB3aWR0aD0iMSIgaGVpZ2h0PSIxIiB4bWxucz0iaHR0cDovL3d3dy53My5vcmcvMjAwMC9zdmciPjwvc3ZnPg==\" style=\"--smush-placeholder-width: 532px; --smush-placeholder-aspect-ratio: 532\/522;\" \/>\t\t\t\t\t\t\t\t\t\t\t\t\t\t\t<\/div>\n\t\t\t\t<\/div>\n\t\t\t\t<\/div>\n\t\t\t\t<\/div>\n\t\t\t\t<\/div>\n\t\t","protected":false},"excerpt":{"rendered":"<p>Servicio de atenci\u00f3n a domicilio, disfruta de la oferta gastron\u00f3mica del QTGC desde la comodidad de tu hogar. Horario de atenci\u00f3n:\u00a0 Martes a viernes: 07h30 \u2013 21h00.S\u00e1bados, domingos y feriados: 07h00 \u2013 19h00.Realiza tu pedido al: 0998150318<\/p>\n","protected":false},"author":1,"featured_media":0,"parent":511,"menu_order":0,"comment_status":"closed","ping_status":"closed","template":"elementor_header_footer","meta":{"footnotes":""},"class_list":["post-1284","page","type-page","status-publish","hentry"],"_links":{"self":[{"href":"https:\/\/qtgc.com\/menu\/wp-json\/wp\/v2\/pages\/1284","targetHints":{"allow":["GET"]}}],"collection":[{"href":"https:\/\/qtgc.com\/menu\/wp-json\/wp\/v2\/pages"}],"about":[{"href":"https:\/\/qtgc.com\/menu\/wp-json\/wp\/v2\/types\/page"}],"author":[{"embeddable":true,"href":"https:\/\/qtgc.com\/menu\/wp-json\/wp\/v2\/users\/1"}],"replies":[{"embeddable":true,"href":"https:\/\/qtgc.com\/menu\/wp-json\/wp\/v2\/comments?post=1284"}],"version-history":[{"count":28,"href":"https:\/\/qtgc.com\/menu\/wp-json\/wp\/v2\/pages\/1284\/revisions"}],"predecessor-version":[{"id":2573,"href":"https:\/\/qtgc.com\/menu\/wp-json\/wp\/v2\/pages\/1284\/revisions\/2573"}],"up":[{"embeddable":true,"href":"https:\/\/qtgc.com\/menu\/wp-json\/wp\/v2\/pages\/511"}],"wp:attachment":[{"href":"https:\/\/qtgc.com\/menu\/wp-json\/wp\/v2\/media?parent=1284"}],"curies":[{"name":"wp","href":"https:\/\/api.w.org\/{rel}","templated":true}]}}