{"id":1294,"date":"2025-05-07T16:56:55","date_gmt":"2025-05-07T16:56:55","guid":{"rendered":"https:\/\/qtgc.com\/menu\/?page_id=1294"},"modified":"2025-05-13T20:38:55","modified_gmt":"2025-05-13T20:38:55","slug":"sportfix-3","status":"publish","type":"page","link":"https:\/\/qtgc.com\/menu\/servicios\/sportfix-3\/","title":{"rendered":"Sportfix"},"content":{"rendered":"\t\t<div data-elementor-type=\"wp-page\" data-elementor-id=\"1294\" class=\"elementor elementor-1294\" data-elementor-post-type=\"page\">\n\t\t\t\t<div class=\"elementor-element elementor-element-1b71f41 e-con-full e-flex e-con e-parent\" data-id=\"1b71f41\" data-element_type=\"container\" data-e-type=\"container\" data-settings=\"{&quot;background_background&quot;:&quot;classic&quot;}\">\n\t\t<div class=\"elementor-element elementor-element-a776569 e-con-full e-flex e-con e-child\" data-id=\"a776569\" data-element_type=\"container\" data-e-type=\"container\">\n\t\t\t\t<div class=\"elementor-element elementor-element-c757c0f elementor-widget elementor-widget-image\" data-id=\"c757c0f\" data-element_type=\"widget\" data-e-type=\"widget\" data-widget_type=\"image.default\">\n\t\t\t\t<div class=\"elementor-widget-container\">\n\t\t\t\t\t\t\t\t\t\t\t\t\t\t\t<img fetchpriority=\"high\" decoding=\"async\" width=\"800\" height=\"800\" src=\"https:\/\/qtgc.com\/menu\/wp-content\/uploads\/2025\/04\/SPORTFIX-1.svg\" class=\"attachment-large size-large wp-image-834\" alt=\"\" \/>\t\t\t\t\t\t\t\t\t\t\t\t\t\t\t<\/div>\n\t\t\t\t<\/div>\n\t\t\t\t<div class=\"elementor-element elementor-element-9238c7e elementor-widget-mobile__width-initial elementor-widget elementor-widget-text-editor\" data-id=\"9238c7e\" data-element_type=\"widget\" data-e-type=\"widget\" data-widget_type=\"text-editor.default\">\n\t\t\t\t<div class=\"elementor-widget-container\">\n\t\t\t\t\t\t\t\t\t<p><span data-contrast=\"auto\">Sportfix es una empresa de prevenci\u00f3n y rehabilitaci\u00f3n f\u00edsica integral, enfocada principalmente en traumatolog\u00eda y deporte. Los socios QTGC podr\u00e1n acceder a servicios de fisioterapia, masajes, nutrici\u00f3n y rehabilitaci\u00f3n con beneficios exclusivos para nuestra comunidad.<\/span><\/p>\t\t\t\t\t\t\t\t<\/div>\n\t\t\t\t<\/div>\n\t\t\t\t<div class=\"elementor-element elementor-element-6b24c2d elementor-widget__width-initial elementor-widget elementor-widget-text-editor\" data-id=\"6b24c2d\" data-element_type=\"widget\" data-e-type=\"widget\" data-widget_type=\"text-editor.default\">\n\t\t\t\t<div class=\"elementor-widget-container\">\n\t\t\t\t\t\t\t\t\t<div data-id=\"3bea6d2\" data-element_type=\"widget\" data-widget_type=\"text-editor.default\"><p><strong>Horario de atenci\u00f3n:\u00a0<\/strong><\/p><p>Martes a viernes de 8h00 a 20h00.<br \/>S\u00e1bado 08h00 a 13h00.<\/p><p><strong>Durante juegos internos:<\/strong><\/p><p>S\u00e1bados y domingos de 08h30 a 14h30.<br \/>En las canchas de p\u00e1del y f\u00fatbol.<\/p><\/div>\t\t\t\t\t\t\t\t<\/div>\n\t\t\t\t<\/div>\n\t\t\t\t<div class=\"elementor-element elementor-element-fdf2039 elementor-view-stacked elementor-shape-square elementor-absolute elementor-widget elementor-widget-icon\" data-id=\"fdf2039\" data-element_type=\"widget\" data-e-type=\"widget\" data-settings=\"{&quot;_position&quot;:&quot;absolute&quot;}\" data-widget_type=\"icon.default\">\n\t\t\t\t<div class=\"elementor-widget-container\">\n\t\t\t\t\t\t\t<div class=\"elementor-icon-wrapper\">\n\t\t\t<a class=\"elementor-icon elementor-animation-grow\" href=\"https:\/\/qtgc.com\/menu\/servicios\/\">\n\t\t\t<svg aria-hidden=\"true\" class=\"e-font-icon-svg e-fas-angle-double-left\" viewBox=\"0 0 448 512\" xmlns=\"http:\/\/www.w3.org\/2000\/svg\"><path d=\"M223.7 239l136-136c9.4-9.4 24.6-9.4 33.9 0l22.6 22.6c9.4 9.4 9.4 24.6 0 33.9L319.9 256l96.4 96.4c9.4 9.4 9.4 24.6 0 33.9L393.7 409c-9.4 9.4-24.6 9.4-33.9 0l-136-136c-9.5-9.4-9.5-24.6-.1-34zm-192 34l136 136c9.4 9.4 24.6 9.4 33.9 0l22.6-22.6c9.4-9.4 9.4-24.6 0-33.9L127.9 256l96.4-96.4c9.4-9.4 9.4-24.6 0-33.9L201.7 103c-9.4-9.4-24.6-9.4-33.9 0l-136 136c-9.5 9.4-9.5 24.6-.1 34z\"><\/path><\/svg>\t\t\t<\/a>\n\t\t<\/div>\n\t\t\t\t\t\t<\/div>\n\t\t\t\t<\/div>\n\t\t\t\t<\/div>\n\t\t<div class=\"elementor-element elementor-element-49114a2 e-con-full e-flex e-con e-child\" data-id=\"49114a2\" data-element_type=\"container\" data-e-type=\"container\" data-settings=\"{&quot;background_background&quot;:&quot;classic&quot;}\">\n\t\t\t\t<div class=\"elementor-element elementor-element-570e35c elementor-widget__width-initial elementor-absolute elementor-widget elementor-widget-image\" data-id=\"570e35c\" data-element_type=\"widget\" data-e-type=\"widget\" data-settings=\"{&quot;_position&quot;:&quot;absolute&quot;}\" data-widget_type=\"image.default\">\n\t\t\t\t<div class=\"elementor-widget-container\">\n\t\t\t\t\t\t\t\t\t\t\t\t\t\t\t<img decoding=\"async\" width=\"532\" height=\"522\" data-src=\"https:\/\/qtgc.com\/menu\/wp-content\/uploads\/2025\/05\/sportfix-p.png\" class=\"attachment-full size-full wp-image-1371 lazyload\" alt=\"\" data-srcset=\"https:\/\/qtgc.com\/menu\/wp-content\/uploads\/2025\/05\/sportfix-p.png 532w, https:\/\/qtgc.com\/menu\/wp-content\/uploads\/2025\/05\/sportfix-p-300x294.png 300w\" data-sizes=\"(max-width: 532px) 100vw, 532px\" src=\"data:image\/svg+xml;base64,PHN2ZyB3aWR0aD0iMSIgaGVpZ2h0PSIxIiB4bWxucz0iaHR0cDovL3d3dy53My5vcmcvMjAwMC9zdmciPjwvc3ZnPg==\" style=\"--smush-placeholder-width: 532px; --smush-placeholder-aspect-ratio: 532\/522;\" \/>\t\t\t\t\t\t\t\t\t\t\t\t\t\t\t<\/div>\n\t\t\t\t<\/div>\n\t\t\t\t<\/div>\n\t\t\t\t<\/div>\n\t\t\t\t<\/div>\n\t\t","protected":false},"excerpt":{"rendered":"<p>Sportfix es una empresa de prevenci\u00f3n y rehabilitaci\u00f3n f\u00edsica integral, enfocada principalmente en traumatolog\u00eda y deporte. Los socios QTGC podr\u00e1n acceder a servicios de fisioterapia, masajes, nutrici\u00f3n y rehabilitaci\u00f3n con beneficios exclusivos para nuestra comunidad. Horario de atenci\u00f3n:\u00a0 Martes a viernes de 8h00 a 20h00.S\u00e1bado 08h00 a 13h00. Durante juegos internos: S\u00e1bados y domingos de [&hellip;]<\/p>\n","protected":false},"author":1,"featured_media":0,"parent":511,"menu_order":0,"comment_status":"closed","ping_status":"closed","template":"elementor_header_footer","meta":{"footnotes":""},"class_list":["post-1294","page","type-page","status-publish","hentry"],"_links":{"self":[{"href":"https:\/\/qtgc.com\/menu\/wp-json\/wp\/v2\/pages\/1294","targetHints":{"allow":["GET"]}}],"collection":[{"href":"https:\/\/qtgc.com\/menu\/wp-json\/wp\/v2\/pages"}],"about":[{"href":"https:\/\/qtgc.com\/menu\/wp-json\/wp\/v2\/types\/page"}],"author":[{"embeddable":true,"href":"https:\/\/qtgc.com\/menu\/wp-json\/wp\/v2\/users\/1"}],"replies":[{"embeddable":true,"href":"https:\/\/qtgc.com\/menu\/wp-json\/wp\/v2\/comments?post=1294"}],"version-history":[{"count":31,"href":"https:\/\/qtgc.com\/menu\/wp-json\/wp\/v2\/pages\/1294\/revisions"}],"predecessor-version":[{"id":1701,"href":"https:\/\/qtgc.com\/menu\/wp-json\/wp\/v2\/pages\/1294\/revisions\/1701"}],"up":[{"embeddable":true,"href":"https:\/\/qtgc.com\/menu\/wp-json\/wp\/v2\/pages\/511"}],"wp:attachment":[{"href":"https:\/\/qtgc.com\/menu\/wp-json\/wp\/v2\/media?parent=1294"}],"curies":[{"name":"wp","href":"https:\/\/api.w.org\/{rel}","templated":true}]}}