{"id":130,"date":"2025-04-15T19:31:06","date_gmt":"2025-04-15T19:31:06","guid":{"rendered":"https:\/\/qtgc.com\/menu\/?page_id=130"},"modified":"2025-05-21T15:06:33","modified_gmt":"2025-05-21T15:06:33","slug":"ejes-estrategicos","status":"publish","type":"page","link":"https:\/\/qtgc.com\/menu\/el-club\/ejes-estrategicos\/","title":{"rendered":"Ejes estrat\u00e9gicos"},"content":{"rendered":"\t\t<div data-elementor-type=\"wp-page\" data-elementor-id=\"130\" class=\"elementor elementor-130\" data-elementor-post-type=\"page\">\n\t\t\t\t<div class=\"elementor-element elementor-element-63bd923 e-con-full e-flex e-con e-parent\" data-id=\"63bd923\" data-element_type=\"container\" data-e-type=\"container\" data-settings=\"{&quot;background_background&quot;:&quot;classic&quot;}\">\n\t\t<div class=\"elementor-element elementor-element-4967ddb e-con-full e-flex e-con e-child\" data-id=\"4967ddb\" data-element_type=\"container\" data-e-type=\"container\">\n\t\t\t\t<div class=\"elementor-element elementor-element-16db3ba elementor-widget elementor-widget-heading\" data-id=\"16db3ba\" data-element_type=\"widget\" data-e-type=\"widget\" data-widget_type=\"heading.default\">\n\t\t\t\t<div class=\"elementor-widget-container\">\n\t\t\t\t\t<h1 class=\"elementor-heading-title elementor-size-default\"><b>Ejes estrat\u00e9gicos<\/b><\/h1>\t\t\t\t<\/div>\n\t\t\t\t<\/div>\n\t\t<div class=\"elementor-element elementor-element-012d38a e-grid e-con-full e-con e-child\" data-id=\"012d38a\" data-element_type=\"container\" data-e-type=\"container\">\n\t\t\t\t<div class=\"elementor-element elementor-element-fdc4c3f elementor-widget elementor-widget-text-editor\" data-id=\"fdc4c3f\" data-element_type=\"widget\" data-e-type=\"widget\" data-widget_type=\"text-editor.default\">\n\t\t\t\t<div class=\"elementor-widget-container\">\n\t\t\t\t\t\t\t\t\t<p><strong>Socios:<\/strong><\/p><ul><li>Excelencia en el servicio.<\/li><li>Ofrecer una experiencia \u00fanica y memorable.<\/li><\/ul>\t\t\t\t\t\t\t\t<\/div>\n\t\t\t\t<\/div>\n\t\t\t\t<div class=\"elementor-element elementor-element-7366adf elementor-widget elementor-widget-text-editor\" data-id=\"7366adf\" data-element_type=\"widget\" data-e-type=\"widget\" data-widget_type=\"text-editor.default\">\n\t\t\t\t<div class=\"elementor-widget-container\">\n\t\t\t\t\t\t\t\t\t<p><strong>Colaboradores:<\/strong><\/p><ul><li>Desarrollo del talento humano.<\/li><li>Fomento de una nueva cultura organizacional.<\/li><\/ul>\t\t\t\t\t\t\t\t<\/div>\n\t\t\t\t<\/div>\n\t\t\t\t<div class=\"elementor-element elementor-element-6c033a8 elementor-widget elementor-widget-text-editor\" data-id=\"6c033a8\" data-element_type=\"widget\" data-e-type=\"widget\" data-widget_type=\"text-editor.default\">\n\t\t\t\t<div class=\"elementor-widget-container\">\n\t\t\t\t\t\t\t\t\t<p><strong>Comunicaci\u00f3n:<\/strong><\/p><ul><li>Efectiva comunicaci\u00f3n interna.<\/li><li>Estrategias de comunicaci\u00f3n externa alineadas a nuestros valores.<\/li><\/ul>\t\t\t\t\t\t\t\t<\/div>\n\t\t\t\t<\/div>\n\t\t\t\t<div class=\"elementor-element elementor-element-5a37111 elementor-widget elementor-widget-text-editor\" data-id=\"5a37111\" data-element_type=\"widget\" data-e-type=\"widget\" data-widget_type=\"text-editor.default\">\n\t\t\t\t<div class=\"elementor-widget-container\">\n\t\t\t\t\t\t\t\t\t<p><strong>Presupuesto:<\/strong><\/p><ul><li>Optimizaci\u00f3n de recursos.<\/li><li>Gesti\u00f3n eficiente de los gastos.<\/li><\/ul>\t\t\t\t\t\t\t\t<\/div>\n\t\t\t\t<\/div>\n\t\t\t\t<\/div>\n\t\t\t\t<\/div>\n\t\t<div class=\"elementor-element elementor-element-e3e38b9 e-con-full e-flex e-con e-child\" data-id=\"e3e38b9\" data-element_type=\"container\" data-e-type=\"container\" data-settings=\"{&quot;background_background&quot;:&quot;classic&quot;}\">\n\t\t\t\t<\/div>\n\t\t\t\t<\/div>\n\t\t\t\t<\/div>\n\t\t","protected":false},"excerpt":{"rendered":"<p>Ejes estrat\u00e9gicos Socios: Excelencia en el servicio. Ofrecer una experiencia \u00fanica y memorable. Colaboradores: Desarrollo del talento humano. Fomento de una nueva cultura organizacional. Comunicaci\u00f3n: Efectiva comunicaci\u00f3n interna. Estrategias de comunicaci\u00f3n externa alineadas a nuestros valores. Presupuesto: Optimizaci\u00f3n de recursos. Gesti\u00f3n eficiente de los gastos.<\/p>\n","protected":false},"author":1,"featured_media":0,"parent":7,"menu_order":0,"comment_status":"closed","ping_status":"closed","template":"","meta":{"footnotes":""},"class_list":["post-130","page","type-page","status-publish","hentry"],"_links":{"self":[{"href":"https:\/\/qtgc.com\/menu\/wp-json\/wp\/v2\/pages\/130","targetHints":{"allow":["GET"]}}],"collection":[{"href":"https:\/\/qtgc.com\/menu\/wp-json\/wp\/v2\/pages"}],"about":[{"href":"https:\/\/qtgc.com\/menu\/wp-json\/wp\/v2\/types\/page"}],"author":[{"embeddable":true,"href":"https:\/\/qtgc.com\/menu\/wp-json\/wp\/v2\/users\/1"}],"replies":[{"embeddable":true,"href":"https:\/\/qtgc.com\/menu\/wp-json\/wp\/v2\/comments?post=130"}],"version-history":[{"count":13,"href":"https:\/\/qtgc.com\/menu\/wp-json\/wp\/v2\/pages\/130\/revisions"}],"predecessor-version":[{"id":1763,"href":"https:\/\/qtgc.com\/menu\/wp-json\/wp\/v2\/pages\/130\/revisions\/1763"}],"up":[{"embeddable":true,"href":"https:\/\/qtgc.com\/menu\/wp-json\/wp\/v2\/pages\/7"}],"wp:attachment":[{"href":"https:\/\/qtgc.com\/menu\/wp-json\/wp\/v2\/media?parent=130"}],"curies":[{"name":"wp","href":"https:\/\/api.w.org\/{rel}","templated":true}]}}