{"id":1307,"date":"2025-05-07T17:11:53","date_gmt":"2025-05-07T17:11:53","guid":{"rendered":"https:\/\/qtgc.com\/menu\/?page_id=1307"},"modified":"2025-09-11T17:49:32","modified_gmt":"2025-09-11T17:49:32","slug":"pro-shop","status":"publish","type":"page","link":"https:\/\/qtgc.com\/menu\/servicios\/pro-shop\/","title":{"rendered":"Pro Shop"},"content":{"rendered":"\t\t<div data-elementor-type=\"wp-page\" data-elementor-id=\"1307\" class=\"elementor elementor-1307\" data-elementor-post-type=\"page\">\n\t\t\t\t<div class=\"elementor-element elementor-element-99b1941 e-con-full e-flex e-con e-parent\" data-id=\"99b1941\" data-element_type=\"container\" data-e-type=\"container\" data-settings=\"{&quot;background_background&quot;:&quot;classic&quot;}\">\n\t\t<div class=\"elementor-element elementor-element-277c860 e-con-full e-flex e-con e-child\" data-id=\"277c860\" data-element_type=\"container\" data-e-type=\"container\">\n\t\t\t\t<div class=\"elementor-element elementor-element-0d42416 elementor-widget elementor-widget-heading\" data-id=\"0d42416\" data-element_type=\"widget\" data-e-type=\"widget\" data-widget_type=\"heading.default\">\n\t\t\t\t<div class=\"elementor-widget-container\">\n\t\t\t\t\t<h1 class=\"elementor-heading-title elementor-size-default\">Pro Shop<\/h1>\t\t\t\t<\/div>\n\t\t\t\t<\/div>\n\t\t\t\t<div class=\"elementor-element elementor-element-e743899 elementor-widget-mobile__width-initial elementor-widget elementor-widget-text-editor\" data-id=\"e743899\" data-element_type=\"widget\" data-e-type=\"widget\" data-widget_type=\"text-editor.default\">\n\t\t\t\t<div class=\"elementor-widget-container\">\n\t\t\t\t\t\t\t\t\t<p><span data-contrast=\"auto\">Tienda especializada que ofrece una amplia gama de productos deportivos como:<\/span><span data-ccp-props=\"{&quot;201341983&quot;:0,&quot;335559740&quot;:240}\">\u00a0<\/span><\/p><ul><li data-leveltext=\"o\" data-font=\"Courier New\" data-listid=\"12\" data-list-defn-props=\"{&quot;335552541&quot;:1,&quot;335559685&quot;:1440,&quot;335559991&quot;:360,&quot;469769226&quot;:&quot;Courier New&quot;,&quot;469769242&quot;:[9675],&quot;469777803&quot;:&quot;left&quot;,&quot;469777804&quot;:&quot;o&quot;,&quot;469777815&quot;:&quot;multilevel&quot;}\" aria-setsize=\"-1\" data-aria-posinset=\"1\" data-aria-level=\"2\"><b><span data-contrast=\"auto\">Golf<\/span><\/b><span data-contrast=\"auto\">: palos de golf, bolas, tees, guantes, bolsas de golf y accesorios especializados.<\/span><span data-ccp-props=\"{&quot;201341983&quot;:0,&quot;335559740&quot;:240}\">\u00a0<\/span><\/li><\/ul><ul><li data-leveltext=\"o\" data-font=\"Courier New\" data-listid=\"12\" data-list-defn-props=\"{&quot;335552541&quot;:1,&quot;335559685&quot;:1440,&quot;335559991&quot;:360,&quot;469769226&quot;:&quot;Courier New&quot;,&quot;469769242&quot;:[9675],&quot;469777803&quot;:&quot;left&quot;,&quot;469777804&quot;:&quot;o&quot;,&quot;469777815&quot;:&quot;multilevel&quot;}\" aria-setsize=\"-1\" data-aria-posinset=\"2\" data-aria-level=\"2\"><b><span data-contrast=\"auto\">Tenis<\/span><\/b><span data-contrast=\"auto\">: raquetas, pelotas, cordajes, accesorios como mu\u00f1equeras, toallas y viseras.<\/span><span data-ccp-props=\"{&quot;201341983&quot;:0,&quot;335559740&quot;:240}\">\u00a0<\/span><\/li><\/ul><ul><li data-leveltext=\"o\" data-font=\"Courier New\" data-listid=\"12\" data-list-defn-props=\"{&quot;335552541&quot;:1,&quot;335559685&quot;:1440,&quot;335559991&quot;:360,&quot;469769226&quot;:&quot;Courier New&quot;,&quot;469769242&quot;:[9675],&quot;469777803&quot;:&quot;left&quot;,&quot;469777804&quot;:&quot;o&quot;,&quot;469777815&quot;:&quot;multilevel&quot;}\" aria-setsize=\"-1\" data-aria-posinset=\"3\" data-aria-level=\"2\"><b><span data-contrast=\"auto\">Otros deportes<\/span><\/b><span data-contrast=\"auto\">: accesorios para f\u00fatbol, p\u00e1del, running, nataci\u00f3n, entre otros.<\/span><span data-ccp-props=\"{&quot;201341983&quot;:0,&quot;335559740&quot;:240}\">\u00a0<\/span><\/li><\/ul><ul><li data-leveltext=\"o\" data-font=\"Courier New\" data-listid=\"12\" data-list-defn-props=\"{&quot;335552541&quot;:1,&quot;335559685&quot;:1440,&quot;335559991&quot;:360,&quot;469769226&quot;:&quot;Courier New&quot;,&quot;469769242&quot;:[9675],&quot;469777803&quot;:&quot;left&quot;,&quot;469777804&quot;:&quot;o&quot;,&quot;469777815&quot;:&quot;multilevel&quot;}\" aria-setsize=\"-1\" data-aria-posinset=\"4\" data-aria-level=\"2\"><b><span data-contrast=\"auto\">Ropa Deportiva: <\/span><\/b><span data-contrast=\"auto\">camisetas, pantalones, chaquetas y calzado especializado para cada deporte.<\/span><span data-ccp-props=\"{&quot;201341983&quot;:0,&quot;335559740&quot;:240}\">\u00a0<\/span><\/li><\/ul><ul><li data-leveltext=\"o\" data-font=\"Courier New\" data-listid=\"12\" data-list-defn-props=\"{&quot;335552541&quot;:1,&quot;335559685&quot;:1440,&quot;335559991&quot;:360,&quot;469769226&quot;:&quot;Courier New&quot;,&quot;469769242&quot;:[9675],&quot;469777803&quot;:&quot;left&quot;,&quot;469777804&quot;:&quot;o&quot;,&quot;469777815&quot;:&quot;multilevel&quot;}\" aria-setsize=\"-1\" data-aria-posinset=\"5\" data-aria-level=\"2\"><b><span data-contrast=\"auto\">Accesorios de moda deportiva<\/span><\/b><span data-contrast=\"auto\">: gorras, mochilas, medias deportivas, gorros, etc.<\/span><span data-ccp-props=\"{&quot;201341983&quot;:0,&quot;335559740&quot;:240}\">\u00a0<\/span><\/li><\/ul><ul><li data-leveltext=\"o\" data-font=\"Courier New\" data-listid=\"12\" data-list-defn-props=\"{&quot;335552541&quot;:1,&quot;335559685&quot;:1440,&quot;335559991&quot;:360,&quot;469769226&quot;:&quot;Courier New&quot;,&quot;469769242&quot;:[9675],&quot;469777803&quot;:&quot;left&quot;,&quot;469777804&quot;:&quot;o&quot;,&quot;469777815&quot;:&quot;multilevel&quot;}\" aria-setsize=\"-1\" data-aria-posinset=\"6\" data-aria-level=\"2\"><b><span data-contrast=\"auto\">Equipamiento personal<\/span><\/b><span data-contrast=\"auto\">: como sombrillas, toallas y art\u00edculos para el cuidado personal.<\/span><span data-ccp-props=\"{&quot;201341983&quot;:0,&quot;335559740&quot;:240}\">\u00a0<\/span><\/li><\/ul>\t\t\t\t\t\t\t\t<\/div>\n\t\t\t\t<\/div>\n\t\t\t\t<div class=\"elementor-element elementor-element-ecc8783 elementor-view-stacked elementor-shape-square elementor-absolute elementor-widget elementor-widget-icon\" data-id=\"ecc8783\" data-element_type=\"widget\" data-e-type=\"widget\" data-settings=\"{&quot;_position&quot;:&quot;absolute&quot;}\" data-widget_type=\"icon.default\">\n\t\t\t\t<div class=\"elementor-widget-container\">\n\t\t\t\t\t\t\t<div class=\"elementor-icon-wrapper\">\n\t\t\t<a class=\"elementor-icon elementor-animation-grow\" href=\"https:\/\/qtgc.com\/menu\/servicios\/\">\n\t\t\t<svg aria-hidden=\"true\" class=\"e-font-icon-svg e-fas-angle-double-left\" viewBox=\"0 0 448 512\" xmlns=\"http:\/\/www.w3.org\/2000\/svg\"><path d=\"M223.7 239l136-136c9.4-9.4 24.6-9.4 33.9 0l22.6 22.6c9.4 9.4 9.4 24.6 0 33.9L319.9 256l96.4 96.4c9.4 9.4 9.4 24.6 0 33.9L393.7 409c-9.4 9.4-24.6 9.4-33.9 0l-136-136c-9.5-9.4-9.5-24.6-.1-34zm-192 34l136 136c9.4 9.4 24.6 9.4 33.9 0l22.6-22.6c9.4-9.4 9.4-24.6 0-33.9L127.9 256l96.4-96.4c9.4-9.4 9.4-24.6 0-33.9L201.7 103c-9.4-9.4-24.6-9.4-33.9 0l-136 136c-9.5 9.4-9.5 24.6-.1 34z\"><\/path><\/svg>\t\t\t<\/a>\n\t\t<\/div>\n\t\t\t\t\t\t<\/div>\n\t\t\t\t<\/div>\n\t\t\t\t<\/div>\n\t\t<div class=\"elementor-element elementor-element-3247f77 e-con-full e-flex e-con e-child\" data-id=\"3247f77\" data-element_type=\"container\" data-e-type=\"container\" data-settings=\"{&quot;background_background&quot;:&quot;classic&quot;}\">\n\t\t\t\t<div class=\"elementor-element elementor-element-acb092e elementor-widget__width-initial elementor-absolute elementor-widget elementor-widget-image\" data-id=\"acb092e\" data-element_type=\"widget\" data-e-type=\"widget\" data-settings=\"{&quot;_position&quot;:&quot;absolute&quot;}\" data-widget_type=\"image.default\">\n\t\t\t\t<div class=\"elementor-widget-container\">\n\t\t\t\t\t\t\t\t\t\t\t\t\t\t\t<img fetchpriority=\"high\" decoding=\"async\" width=\"532\" height=\"522\" src=\"https:\/\/qtgc.com\/menu\/wp-content\/uploads\/2025\/05\/pro-shop-p.png\" class=\"attachment-full size-full wp-image-1389\" alt=\"\" srcset=\"https:\/\/qtgc.com\/menu\/wp-content\/uploads\/2025\/05\/pro-shop-p.png 532w, https:\/\/qtgc.com\/menu\/wp-content\/uploads\/2025\/05\/pro-shop-p-300x294.png 300w\" sizes=\"(max-width: 532px) 100vw, 532px\" \/>\t\t\t\t\t\t\t\t\t\t\t\t\t\t\t<\/div>\n\t\t\t\t<\/div>\n\t\t\t\t<\/div>\n\t\t\t\t<\/div>\n\t\t\t\t<\/div>\n\t\t","protected":false},"excerpt":{"rendered":"<p>Pro Shop Tienda especializada que ofrece una amplia gama de productos deportivos como:\u00a0 Golf: palos de golf, bolas, tees, guantes, bolsas de golf y accesorios especializados.\u00a0 Tenis: raquetas, pelotas, cordajes, accesorios como mu\u00f1equeras, toallas y viseras.\u00a0 Otros deportes: accesorios para f\u00fatbol, p\u00e1del, running, nataci\u00f3n, entre otros.\u00a0 Ropa Deportiva: camisetas, pantalones, chaquetas y calzado especializado para [&hellip;]<\/p>\n","protected":false},"author":1,"featured_media":0,"parent":511,"menu_order":0,"comment_status":"closed","ping_status":"closed","template":"elementor_header_footer","meta":{"footnotes":""},"class_list":["post-1307","page","type-page","status-publish","hentry"],"_links":{"self":[{"href":"https:\/\/qtgc.com\/menu\/wp-json\/wp\/v2\/pages\/1307","targetHints":{"allow":["GET"]}}],"collection":[{"href":"https:\/\/qtgc.com\/menu\/wp-json\/wp\/v2\/pages"}],"about":[{"href":"https:\/\/qtgc.com\/menu\/wp-json\/wp\/v2\/types\/page"}],"author":[{"embeddable":true,"href":"https:\/\/qtgc.com\/menu\/wp-json\/wp\/v2\/users\/1"}],"replies":[{"embeddable":true,"href":"https:\/\/qtgc.com\/menu\/wp-json\/wp\/v2\/comments?post=1307"}],"version-history":[{"count":28,"href":"https:\/\/qtgc.com\/menu\/wp-json\/wp\/v2\/pages\/1307\/revisions"}],"predecessor-version":[{"id":3150,"href":"https:\/\/qtgc.com\/menu\/wp-json\/wp\/v2\/pages\/1307\/revisions\/3150"}],"up":[{"embeddable":true,"href":"https:\/\/qtgc.com\/menu\/wp-json\/wp\/v2\/pages\/511"}],"wp:attachment":[{"href":"https:\/\/qtgc.com\/menu\/wp-json\/wp\/v2\/media?parent=1307"}],"curies":[{"name":"wp","href":"https:\/\/api.w.org\/{rel}","templated":true}]}}