{"id":1317,"date":"2025-05-07T17:15:44","date_gmt":"2025-05-07T17:15:44","guid":{"rendered":"https:\/\/qtgc.com\/menu\/?page_id=1317"},"modified":"2025-06-24T20:11:27","modified_gmt":"2025-06-24T20:11:27","slug":"instalaciones","status":"publish","type":"page","link":"https:\/\/qtgc.com\/menu\/servicios\/instalaciones\/","title":{"rendered":"Instalaciones"},"content":{"rendered":"\t\t<div data-elementor-type=\"wp-page\" data-elementor-id=\"1317\" class=\"elementor elementor-1317\" data-elementor-post-type=\"page\">\n\t\t\t\t<div class=\"elementor-element elementor-element-d553543 e-con-full e-flex e-con e-parent\" data-id=\"d553543\" data-element_type=\"container\" data-e-type=\"container\" data-settings=\"{&quot;background_background&quot;:&quot;classic&quot;}\">\n\t\t<div class=\"elementor-element elementor-element-7d65baf e-con-full e-flex e-con e-child\" data-id=\"7d65baf\" data-element_type=\"container\" data-e-type=\"container\">\n\t\t\t\t<div class=\"elementor-element elementor-element-4d82a9c elementor-widget elementor-widget-heading\" data-id=\"4d82a9c\" data-element_type=\"widget\" data-e-type=\"widget\" data-widget_type=\"heading.default\">\n\t\t\t\t<div class=\"elementor-widget-container\">\n\t\t\t\t\t<h1 class=\"elementor-heading-title elementor-size-default\">Instalaciones<\/h1>\t\t\t\t<\/div>\n\t\t\t\t<\/div>\n\t\t\t\t<div class=\"elementor-element elementor-element-2bfffe3 elementor-widget-mobile__width-initial elementor-widget elementor-widget-text-editor\" data-id=\"2bfffe3\" data-element_type=\"widget\" data-e-type=\"widget\" data-widget_type=\"text-editor.default\">\n\t\t\t\t<div class=\"elementor-widget-container\">\n\t\t\t\t\t\t\t\t\t<ul><li data-leveltext=\"-\" data-font=\"Calibri\" data-listid=\"11\" data-list-defn-props=\"{&quot;134224900&quot;:false,&quot;335551671&quot;:4,&quot;335552541&quot;:1,&quot;335559685&quot;:720,&quot;335559991&quot;:360,&quot;469769226&quot;:&quot;Calibri&quot;,&quot;469769242&quot;:[8226],&quot;469777803&quot;:&quot;left&quot;,&quot;469777804&quot;:&quot;-&quot;,&quot;469777815&quot;:&quot;hybridMultilevel&quot;}\" aria-setsize=\"-1\" data-aria-posinset=\"4\" data-aria-level=\"1\"><strong>Parque Infantil\u00a0<\/strong><\/li><li data-leveltext=\"-\" data-font=\"Calibri\" data-listid=\"11\" data-list-defn-props=\"{&quot;134224900&quot;:false,&quot;335551671&quot;:4,&quot;335552541&quot;:1,&quot;335559685&quot;:720,&quot;335559991&quot;:360,&quot;469769226&quot;:&quot;Calibri&quot;,&quot;469769242&quot;:[8226],&quot;469777803&quot;:&quot;left&quot;,&quot;469777804&quot;:&quot;-&quot;,&quot;469777815&quot;:&quot;hybridMultilevel&quot;}\" aria-setsize=\"-1\" data-aria-posinset=\"4\" data-aria-level=\"1\"><strong>Coworking\u00a0<\/strong><\/li><li data-leveltext=\"-\" data-font=\"Calibri\" data-listid=\"11\" data-list-defn-props=\"{&quot;134224900&quot;:false,&quot;335551671&quot;:4,&quot;335552541&quot;:1,&quot;335559685&quot;:720,&quot;335559991&quot;:360,&quot;469769226&quot;:&quot;Calibri&quot;,&quot;469769242&quot;:[8226],&quot;469777803&quot;:&quot;left&quot;,&quot;469777804&quot;:&quot;-&quot;,&quot;469777815&quot;:&quot;hybridMultilevel&quot;}\" aria-setsize=\"-1\" data-aria-posinset=\"4\" data-aria-level=\"1\"><strong>Networking\u00a0<\/strong><\/li><li data-leveltext=\"-\" data-font=\"Calibri\" data-listid=\"11\" data-list-defn-props=\"{&quot;134224900&quot;:false,&quot;335551671&quot;:4,&quot;335552541&quot;:1,&quot;335559685&quot;:720,&quot;335559991&quot;:360,&quot;469769226&quot;:&quot;Calibri&quot;,&quot;469769242&quot;:[8226],&quot;469777803&quot;:&quot;left&quot;,&quot;469777804&quot;:&quot;-&quot;,&quot;469777815&quot;:&quot;hybridMultilevel&quot;}\" aria-setsize=\"-1\" data-aria-posinset=\"4\" data-aria-level=\"1\"><strong>Parqueaderos <\/strong><\/li><li data-leveltext=\"-\" data-font=\"Calibri\" data-listid=\"11\" data-list-defn-props=\"{&quot;134224900&quot;:false,&quot;335551671&quot;:4,&quot;335552541&quot;:1,&quot;335559685&quot;:720,&quot;335559991&quot;:360,&quot;469769226&quot;:&quot;Calibri&quot;,&quot;469769242&quot;:[8226],&quot;469777803&quot;:&quot;left&quot;,&quot;469777804&quot;:&quot;-&quot;,&quot;469777815&quot;:&quot;hybridMultilevel&quot;}\" aria-setsize=\"-1\" data-aria-posinset=\"4\" data-aria-level=\"1\"><b><span data-contrast=\"auto\">Sala de Juegos<\/span><\/b><span data-ccp-props=\"{&quot;201341983&quot;:0,&quot;335559740&quot;:240}\">\u00a0<\/span><\/li><\/ul><p><span data-contrast=\"auto\"><br \/>Contamos con \u00e1reas amplias y vers\u00e1tiles para eventos, deporte, diversi\u00f3n y descanso. Adem\u00e1s, ponemos a tu disposici\u00f3n nuestras salas de trabajo, ideales para conectar, crear y trabajar con comodidad. <br \/><\/span><\/p>\t\t\t\t\t\t\t\t<\/div>\n\t\t\t\t<\/div>\n\t\t\t\t<div class=\"elementor-element elementor-element-9a64a89 elementor-widget elementor-widget-button\" data-id=\"9a64a89\" data-element_type=\"widget\" data-e-type=\"widget\" data-widget_type=\"button.default\">\n\t\t\t\t<div class=\"elementor-widget-container\">\n\t\t\t\t\t\t\t\t\t<div class=\"elementor-button-wrapper\">\n\t\t\t\t\t<a class=\"elementor-button elementor-button-link elementor-size-sm elementor-animation-grow\" href=\"https:\/\/qtgc-my.sharepoint.com\/:b:\/p\/lucia_mosquera\/ESo5RcTkTQ9Ike8hgi4Ar0kBWozpRLYnhrI_87QXX0xemQ?e=kDQo69\" target=\"_blank\">\n\t\t\t\t\t\t<span class=\"elementor-button-content-wrapper\">\n\t\t\t\t\t\t\t\t\t<span class=\"elementor-button-text\">Salas de Networking y Q-working<\/span>\n\t\t\t\t\t<\/span>\n\t\t\t\t\t<\/a>\n\t\t\t\t<\/div>\n\t\t\t\t\t\t\t\t<\/div>\n\t\t\t\t<\/div>\n\t\t\t\t<div class=\"elementor-element elementor-element-f0394f2 elementor-view-stacked elementor-shape-square elementor-absolute elementor-widget elementor-widget-icon\" data-id=\"f0394f2\" data-element_type=\"widget\" data-e-type=\"widget\" data-settings=\"{&quot;_position&quot;:&quot;absolute&quot;}\" data-widget_type=\"icon.default\">\n\t\t\t\t<div class=\"elementor-widget-container\">\n\t\t\t\t\t\t\t<div class=\"elementor-icon-wrapper\">\n\t\t\t<a class=\"elementor-icon elementor-animation-grow\" href=\"https:\/\/qtgc.com\/menu\/servicios\/\">\n\t\t\t<svg aria-hidden=\"true\" class=\"e-font-icon-svg e-fas-angle-double-left\" viewBox=\"0 0 448 512\" xmlns=\"http:\/\/www.w3.org\/2000\/svg\"><path d=\"M223.7 239l136-136c9.4-9.4 24.6-9.4 33.9 0l22.6 22.6c9.4 9.4 9.4 24.6 0 33.9L319.9 256l96.4 96.4c9.4 9.4 9.4 24.6 0 33.9L393.7 409c-9.4 9.4-24.6 9.4-33.9 0l-136-136c-9.5-9.4-9.5-24.6-.1-34zm-192 34l136 136c9.4 9.4 24.6 9.4 33.9 0l22.6-22.6c9.4-9.4 9.4-24.6 0-33.9L127.9 256l96.4-96.4c9.4-9.4 9.4-24.6 0-33.9L201.7 103c-9.4-9.4-24.6-9.4-33.9 0l-136 136c-9.5 9.4-9.5 24.6-.1 34z\"><\/path><\/svg>\t\t\t<\/a>\n\t\t<\/div>\n\t\t\t\t\t\t<\/div>\n\t\t\t\t<\/div>\n\t\t\t\t<\/div>\n\t\t<div class=\"elementor-element elementor-element-b5b49ad e-con-full e-flex e-con e-child\" data-id=\"b5b49ad\" data-element_type=\"container\" data-e-type=\"container\" data-settings=\"{&quot;background_background&quot;:&quot;classic&quot;}\">\n\t\t\t\t<div class=\"elementor-element elementor-element-e4a00f4 elementor-widget__width-initial elementor-absolute elementor-widget elementor-widget-image\" data-id=\"e4a00f4\" data-element_type=\"widget\" data-e-type=\"widget\" data-settings=\"{&quot;_position&quot;:&quot;absolute&quot;}\" data-widget_type=\"image.default\">\n\t\t\t\t<div class=\"elementor-widget-container\">\n\t\t\t\t\t\t\t\t\t\t\t\t\t\t\t<img fetchpriority=\"high\" decoding=\"async\" width=\"532\" height=\"522\" src=\"https:\/\/qtgc.com\/menu\/wp-content\/uploads\/2025\/05\/instalaciones-p.png\" class=\"attachment-full size-full wp-image-1414\" alt=\"\" srcset=\"https:\/\/qtgc.com\/menu\/wp-content\/uploads\/2025\/05\/instalaciones-p.png 532w, https:\/\/qtgc.com\/menu\/wp-content\/uploads\/2025\/05\/instalaciones-p-300x294.png 300w\" sizes=\"(max-width: 532px) 100vw, 532px\" \/>\t\t\t\t\t\t\t\t\t\t\t\t\t\t\t<\/div>\n\t\t\t\t<\/div>\n\t\t\t\t<\/div>\n\t\t\t\t<\/div>\n\t\t\t\t<\/div>\n\t\t","protected":false},"excerpt":{"rendered":"<p>Instalaciones Parque Infantil\u00a0 Coworking\u00a0 Networking\u00a0 Parqueaderos Sala de Juegos\u00a0 Contamos con \u00e1reas amplias y vers\u00e1tiles para eventos, deporte, diversi\u00f3n y descanso. Adem\u00e1s, ponemos a tu disposici\u00f3n nuestras salas de trabajo, ideales para conectar, crear y trabajar con comodidad. Salas de Networking y Q-working<\/p>\n","protected":false},"author":1,"featured_media":0,"parent":511,"menu_order":0,"comment_status":"closed","ping_status":"closed","template":"elementor_header_footer","meta":{"footnotes":""},"class_list":["post-1317","page","type-page","status-publish","hentry"],"_links":{"self":[{"href":"https:\/\/qtgc.com\/menu\/wp-json\/wp\/v2\/pages\/1317","targetHints":{"allow":["GET"]}}],"collection":[{"href":"https:\/\/qtgc.com\/menu\/wp-json\/wp\/v2\/pages"}],"about":[{"href":"https:\/\/qtgc.com\/menu\/wp-json\/wp\/v2\/types\/page"}],"author":[{"embeddable":true,"href":"https:\/\/qtgc.com\/menu\/wp-json\/wp\/v2\/users\/1"}],"replies":[{"embeddable":true,"href":"https:\/\/qtgc.com\/menu\/wp-json\/wp\/v2\/comments?post=1317"}],"version-history":[{"count":19,"href":"https:\/\/qtgc.com\/menu\/wp-json\/wp\/v2\/pages\/1317\/revisions"}],"predecessor-version":[{"id":2577,"href":"https:\/\/qtgc.com\/menu\/wp-json\/wp\/v2\/pages\/1317\/revisions\/2577"}],"up":[{"embeddable":true,"href":"https:\/\/qtgc.com\/menu\/wp-json\/wp\/v2\/pages\/511"}],"wp:attachment":[{"href":"https:\/\/qtgc.com\/menu\/wp-json\/wp\/v2\/media?parent=1317"}],"curies":[{"name":"wp","href":"https:\/\/api.w.org\/{rel}","templated":true}]}}