{"id":1890,"date":"2025-05-27T14:32:30","date_gmt":"2025-05-27T14:32:30","guid":{"rendered":"https:\/\/qtgc.com\/menu\/?page_id=1890"},"modified":"2025-06-20T14:16:36","modified_gmt":"2025-06-20T14:16:36","slug":"colaboradores","status":"publish","type":"page","link":"https:\/\/qtgc.com\/menu\/el-club\/colaboradores\/","title":{"rendered":"Colaboradores"},"content":{"rendered":"\t\t<div data-elementor-type=\"wp-page\" data-elementor-id=\"1890\" class=\"elementor elementor-1890\" data-elementor-post-type=\"page\">\n\t\t\t\t<div class=\"elementor-element elementor-element-8b0fd90 e-con-full e-flex e-con e-parent\" data-id=\"8b0fd90\" data-element_type=\"container\" data-e-type=\"container\">\n\t\t<div class=\"elementor-element elementor-element-173af1d e-con-full e-flex e-con e-child\" data-id=\"173af1d\" data-element_type=\"container\" data-e-type=\"container\" data-settings=\"{&quot;background_background&quot;:&quot;classic&quot;}\">\n\t\t<div class=\"elementor-element elementor-element-cc6608a e-con-full e-flex e-con e-child\" data-id=\"cc6608a\" data-element_type=\"container\" data-e-type=\"container\">\n\t\t\t\t<div class=\"elementor-element elementor-element-5018ce8 elementor-widget elementor-widget-heading\" data-id=\"5018ce8\" data-element_type=\"widget\" data-e-type=\"widget\" data-widget_type=\"heading.default\">\n\t\t\t\t<div class=\"elementor-widget-container\">\n\t\t\t\t\t<h1 class=\"elementor-heading-title elementor-size-default\">COLABORADORES  \n<br><b>El coraz\u00f3n del club <\/b><\/h1>\t\t\t\t<\/div>\n\t\t\t\t<\/div>\n\t\t<div class=\"elementor-element elementor-element-ce1f0ec e-con-full e-flex e-con e-child\" data-id=\"ce1f0ec\" data-element_type=\"container\" data-e-type=\"container\">\n\t\t\t\t<div class=\"elementor-element elementor-element-7b0925a elementor-widget elementor-widget-text-editor\" data-id=\"7b0925a\" data-element_type=\"widget\" data-e-type=\"widget\" data-widget_type=\"text-editor.default\">\n\t\t\t\t<div class=\"elementor-widget-container\">\n\t\t\t\t\t\t\t\t\t<p>Nuestros colaboradores son parte esencial de la experiencia que vivimos d\u00eda a d\u00eda. Su compromiso, calidez y profesionalismo marcan la diferencia en cada rinc\u00f3n del QTGC, creando un ambiente de confianza, respeto y excelencia.<\/p><p>Cada \u00e1rea cuenta con equipos dedicados que trabajan con pasi\u00f3n para que nuestros socios disfruten de momentos \u00fanicos y memorables.<\/p><p>Fomentamos un entorno de crecimiento, capacitaci\u00f3n y bienestar, donde cada colaborador pueda desarrollarse y sentirse orgulloso de ser parte de esta gran familia.<\/p>\t\t\t\t\t\t\t\t<\/div>\n\t\t\t\t<\/div>\n\t\t\t\t<div class=\"elementor-element elementor-element-cef6def elementor-mobile_extra-align-center elementor-mobile-align-center elementor-widget elementor-widget-button\" data-id=\"cef6def\" data-element_type=\"widget\" data-e-type=\"widget\" data-widget_type=\"button.default\">\n\t\t\t\t<div class=\"elementor-widget-container\">\n\t\t\t\t\t\t\t\t\t<div class=\"elementor-button-wrapper\">\n\t\t\t\t\t<a class=\"elementor-button elementor-button-link elementor-size-sm elementor-animation-grow\" href=\"mailto:maria.donoso@qtgc.com?subject=Trabaja%20con%20nosotros\">\n\t\t\t\t\t\t<span class=\"elementor-button-content-wrapper\">\n\t\t\t\t\t\t\t\t\t<span class=\"elementor-button-text\">Trabaja con nosotros<\/span>\n\t\t\t\t\t<\/span>\n\t\t\t\t\t<\/a>\n\t\t\t\t<\/div>\n\t\t\t\t\t\t\t\t<\/div>\n\t\t\t\t<\/div>\n\t\t\t\t<\/div>\n\t\t\t\t<\/div>\n\t\t\t\t<\/div>\n\t\t<div class=\"elementor-element elementor-element-7ab2079 e-con-full e-flex e-con e-child\" data-id=\"7ab2079\" data-element_type=\"container\" data-e-type=\"container\" data-settings=\"{&quot;background_background&quot;:&quot;slideshow&quot;,&quot;background_slideshow_gallery&quot;:[{&quot;id&quot;:1903,&quot;url&quot;:&quot;https:\\\/\\\/qtgc.com\\\/menu\\\/wp-content\\\/uploads\\\/2025\\\/05\\\/Personal-3.jpg&quot;},{&quot;id&quot;:1971,&quot;url&quot;:&quot;https:\\\/\\\/qtgc.com\\\/menu\\\/wp-content\\\/uploads\\\/2025\\\/05\\\/Personal-2-2-2.jpg&quot;},{&quot;id&quot;:1967,&quot;url&quot;:&quot;https:\\\/\\\/qtgc.com\\\/menu\\\/wp-content\\\/uploads\\\/2025\\\/05\\\/PERSONAL-1-2.jpg&quot;}],&quot;background_slideshow_slide_transition&quot;:&quot;slide_right&quot;,&quot;background_slideshow_loop&quot;:&quot;yes&quot;,&quot;background_slideshow_slide_duration&quot;:5000,&quot;background_slideshow_transition_duration&quot;:500}\">\n\t\t\t\t<\/div>\n\t\t\t\t<\/div>\n\t\t\t\t<\/div>\n\t\t","protected":false},"excerpt":{"rendered":"<p>COLABORADORES El coraz\u00f3n del club Nuestros colaboradores son parte esencial de la experiencia que vivimos d\u00eda a d\u00eda. Su compromiso, calidez y profesionalismo marcan la diferencia en cada rinc\u00f3n del QTGC, creando un ambiente de confianza, respeto y excelencia. Cada \u00e1rea cuenta con equipos dedicados que trabajan con pasi\u00f3n para que nuestros socios disfruten de [&hellip;]<\/p>\n","protected":false},"author":1,"featured_media":0,"parent":7,"menu_order":0,"comment_status":"closed","ping_status":"closed","template":"elementor_header_footer","meta":{"footnotes":""},"class_list":["post-1890","page","type-page","status-publish","hentry"],"_links":{"self":[{"href":"https:\/\/qtgc.com\/menu\/wp-json\/wp\/v2\/pages\/1890","targetHints":{"allow":["GET"]}}],"collection":[{"href":"https:\/\/qtgc.com\/menu\/wp-json\/wp\/v2\/pages"}],"about":[{"href":"https:\/\/qtgc.com\/menu\/wp-json\/wp\/v2\/types\/page"}],"author":[{"embeddable":true,"href":"https:\/\/qtgc.com\/menu\/wp-json\/wp\/v2\/users\/1"}],"replies":[{"embeddable":true,"href":"https:\/\/qtgc.com\/menu\/wp-json\/wp\/v2\/comments?post=1890"}],"version-history":[{"count":28,"href":"https:\/\/qtgc.com\/menu\/wp-json\/wp\/v2\/pages\/1890\/revisions"}],"predecessor-version":[{"id":2509,"href":"https:\/\/qtgc.com\/menu\/wp-json\/wp\/v2\/pages\/1890\/revisions\/2509"}],"up":[{"embeddable":true,"href":"https:\/\/qtgc.com\/menu\/wp-json\/wp\/v2\/pages\/7"}],"wp:attachment":[{"href":"https:\/\/qtgc.com\/menu\/wp-json\/wp\/v2\/media?parent=1890"}],"curies":[{"name":"wp","href":"https:\/\/api.w.org\/{rel}","templated":true}]}}