{"id":2746,"date":"2025-08-07T22:55:38","date_gmt":"2025-08-07T22:55:38","guid":{"rendered":"https:\/\/qtgc.com\/menu\/?page_id=2746"},"modified":"2025-08-25T23:17:16","modified_gmt":"2025-08-25T23:17:16","slug":"corresponsalias","status":"publish","type":"page","link":"https:\/\/qtgc.com\/menu\/el-club\/corresponsalias\/","title":{"rendered":"Corresponsal\u00edas"},"content":{"rendered":"\t\t<div data-elementor-type=\"wp-page\" data-elementor-id=\"2746\" class=\"elementor elementor-2746\" data-elementor-post-type=\"page\">\n\t\t\t\t<div class=\"elementor-element elementor-element-8b0fd90 e-con-full e-flex e-con e-parent\" data-id=\"8b0fd90\" data-element_type=\"container\" data-e-type=\"container\">\n\t\t<div class=\"elementor-element elementor-element-173af1d e-con-full e-flex e-con e-child\" data-id=\"173af1d\" data-element_type=\"container\" data-e-type=\"container\" data-settings=\"{&quot;background_background&quot;:&quot;classic&quot;}\">\n\t\t<div class=\"elementor-element elementor-element-cc6608a e-con-full e-flex e-con e-child\" data-id=\"cc6608a\" data-element_type=\"container\" data-e-type=\"container\">\n\t\t\t\t<div class=\"elementor-element elementor-element-5018ce8 elementor-widget elementor-widget-heading\" data-id=\"5018ce8\" data-element_type=\"widget\" data-e-type=\"widget\" data-widget_type=\"heading.default\">\n\t\t\t\t<div class=\"elementor-widget-container\">\n\t\t\t\t\t<h1 class=\"elementor-heading-title elementor-size-default\">\u00bfVAS A VIAJAR?<\/h1>\t\t\t\t<\/div>\n\t\t\t\t<\/div>\n\t\t<div class=\"elementor-element elementor-element-ce1f0ec e-con-full e-flex e-con e-child\" data-id=\"ce1f0ec\" data-element_type=\"container\" data-e-type=\"container\">\n\t\t\t\t<div class=\"elementor-element elementor-element-7b0925a elementor-widget elementor-widget-text-editor\" data-id=\"7b0925a\" data-element_type=\"widget\" data-e-type=\"widget\" data-widget_type=\"text-editor.default\">\n\t\t\t\t<div class=\"elementor-widget-container\">\n\t\t\t\t\t\t\t\t\t<p>Recuerda que puedes utilizar los siguientes Clubes como corresponsal\u00edas del QTGC y disfrutar de todos sus beneficios.<\/p><p>Condiciones: <\/p><ul><li>Solicitar el canje con 72 horas de anticipaci\u00f3n a su visita.<\/li><li>No se emiten canjes para clubes cuya ubicaci\u00f3n es la misma a la de su residencia actual.<\/li><li>El socio deber\u00e1 acogerse a los t\u00e9rminos y condiciones de cada club de visita.<\/li><li>Deber\u00e1 registrar las fechas exactas de visita al Club que desea visitar (no de su estad\u00eda en el pa\u00eds].<\/li><\/ul><p>Recuerda descargar el formulario de solicitud\u00a0de\u00a0canje.<\/p>\t\t\t\t\t\t\t\t<\/div>\n\t\t\t\t<\/div>\n\t\t\t\t<div class=\"elementor-element elementor-element-4945c06 elementor-widget elementor-widget-text-editor\" data-id=\"4945c06\" data-element_type=\"widget\" data-e-type=\"widget\" data-widget_type=\"text-editor.default\">\n\t\t\t\t<div class=\"elementor-widget-container\">\n\t\t\t\t\t\t\t\t\t<div class=\"tabla-responsive\"><table><thead><tr><th>Pa\u00eds<\/th><th>Ciudad<\/th><th>Club<\/th><th>N\u00ba d\u00edas<\/th><th>Solicitud de canje<\/th><\/tr><\/thead><tbody><tr><td>Argentina<\/td><td>Buenos Aires<\/td><td>San Andr\u00e9s Golf Club<\/td><td>20<\/td><td><a href=\"https:\/\/qtgc.com\/menu\/wp-content\/uploads\/2025\/08\/SAN-ANDRES-GOLF-CLUB-ARGENTINA-1.pdf\" target=\"_blank\" rel=\"noopener\">Descargar PDF<\/a><\/td><\/tr><tr><td>Bolivia<\/td><td>La Paz<\/td><td>Club de Tenis La Paz<\/td><td>30<\/td><td><a href=\"https:\/\/qtgc.com\/menu\/wp-content\/uploads\/2025\/08\/CLUB-DE-TENIS-LA-PAZ-BOLIVIA-1.pdf\" target=\"_blank\" rel=\"noopener\">Descargar PDF<\/a><\/td><\/tr><tr><td>\u00a0<\/td><td>La Paz<\/td><td>La Paz Golf Club<\/td><td>30<\/td><td><a href=\"https:\/\/qtgc.com\/menu\/wp-content\/uploads\/2025\/08\/LA-PAZ-GOLF-CLUB-BOLIVIA-1.pdf\" target=\"_blank\" rel=\"noopener\">Descargar PDF<\/a><\/td><\/tr><tr><td>Colombia<\/td><td>Bogot\u00e1<\/td><td>Club Los Lagartos<\/td><td>30<\/td><td><a href=\"https:\/\/qtgc.com\/menu\/wp-content\/uploads\/2025\/08\/CLUB-LOS-LAGARTOS-COLOMBIA-1.pdf\" target=\"_blank\" rel=\"noopener\">Descargar PDF<\/a><\/td><\/tr><tr><td>\u00a0<\/td><td>Bogot\u00e1<\/td><td>Club Campestre Los Arrayanes<\/td><td>30<\/td><td><a href=\"https:\/\/qtgc.com\/menu\/wp-content\/uploads\/2025\/08\/CLUB-CAMPESTRE-LOS-ARRAYANES-COLOMBIA-1.pdf\" target=\"_blank\" rel=\"noopener\">Descargar PDF<\/a><\/td><\/tr><tr><td>\u00a0<\/td><td>Bogot\u00e1<\/td><td>San Andres Golf Club<\/td><td>30<\/td><td><a href=\"https:\/\/qtgc.com\/menu\/wp-content\/uploads\/2025\/08\/CLUB-SAN-ANDRES-COLOMBIA-1-1.pdf\" target=\"_blank\" rel=\"noopener\">Descargar PDF<\/a><\/td><\/tr><tr><td>\u00a0<\/td><td>Bogot\u00e1<\/td><td>Country Club de Bogot\u00e1<\/td><td>30<\/td><td><a href=\"https:\/\/qtgc.com\/menu\/wp-content\/uploads\/2025\/08\/COUNTRY-CLUB-DE-BOGOTA-COLOMBIA-1.pdf\" target=\"_blank\" rel=\"noopener\">Descargar PDF<\/a><\/td><\/tr><tr><td>\u00a0<\/td><td>Bogot\u00e1<\/td><td>Corporaci\u00f3n Club El Nogal<\/td><td>30<\/td><td><a href=\"https:\/\/qtgc.com\/menu\/wp-content\/uploads\/2025\/08\/CORPORACION-CLUB-EL-NOGAL-COLOMBIA-1.pdf\" target=\"_blank\" rel=\"noopener\">Descargar PDF<\/a><\/td><\/tr><tr><td>\u00a0<\/td><td>Bogot\u00e1<\/td><td>Club La Pradera de Potos\u00ed<\/td><td>30<\/td><td><a href=\"https:\/\/qtgc.com\/menu\/wp-content\/uploads\/2025\/08\/LA-PRADERA-DE-POTOSI-COLOMBIA-1.pdf\" target=\"_blank\" rel=\"noopener\">Descargar PDF<\/a><\/td><\/tr><tr><td>\u00a0<\/td><td>Bogot\u00e1<\/td><td>Hatogrande Golf y Tennis Country Club<\/td><td>30<\/td><td><a href=\"https:\/\/qtgc.com\/menu\/wp-content\/uploads\/2025\/08\/HATOGRANDE-GOLF-TENIS-COUNTRY-CLUB-COLOMBIA-1.pdf\" target=\"_blank\" rel=\"noopener\">Descargar PDF<\/a><\/td><\/tr><tr><td>\u00a0<\/td><td>Cali<\/td><td>Club Campestre de Cali<\/td><td>30<\/td><td><a href=\"https:\/\/qtgc.com\/menu\/wp-content\/uploads\/2025\/08\/CLUB-CAMPESTRE-DE-CALI-COLOMBIA-1.pdf\" target=\"_blank\" rel=\"noopener\">Descargar PDF<\/a><\/td><\/tr><tr><td>\u00a0<\/td><td>Cali<\/td><td>Club Campestre Los Farallones<\/td><td>30<\/td><td><a href=\"https:\/\/qtgc.com\/menu\/wp-content\/uploads\/2025\/08\/CLUB-CAMPESTRE-LOS-FARRALONES-COLOMBIA-1.pdf\" target=\"_blank\" rel=\"noopener\">Descargar PDF<\/a><\/td><\/tr><tr><td>\u00a0<\/td><td>Medell\u00edn<\/td><td>Club Campestre El Rodeo<\/td><td>30<\/td><td><a href=\"https:\/\/qtgc.com\/menu\/wp-content\/uploads\/2025\/08\/CLUB-CAMPESTRE-EL-RODEO-COLOMBIA-1.pdf\" target=\"_blank\" rel=\"noopener\">Descargar PDF<\/a><\/td><\/tr><tr><td>\u00a0<\/td><td>Medell\u00edn<\/td><td>Corporaci\u00f3n Club Campestre<\/td><td>30<\/td><td><a href=\"https:\/\/qtgc.com\/menu\/wp-content\/uploads\/2025\/08\/CORPORACION-CLUB-CAMPESTRES-COLOMBIA-1.pdf\" target=\"_blank\" rel=\"noopener\">Descargar PDF<\/a><\/td><\/tr><tr><td>Chile<\/td><td>Santiago<\/td><td>Club de Golf Los Leones<\/td><td>30<\/td><td><a href=\"https:\/\/qtgc.com\/menu\/wp-content\/uploads\/2025\/08\/CLUB-DE-GOLF-LOS-LEONES-CHILE-1.pdf\" target=\"_blank\" rel=\"noopener\">Descargar PDF<\/a><\/td><\/tr><tr><td>\u00a0<\/td><td>Santiago<\/td><td>Hacienda Santa Martina Nature Club &amp; Golf<\/td><td>30<\/td><td><a href=\"https:\/\/qtgc.com\/menu\/wp-content\/uploads\/2025\/08\/HACIENDA-SANTA-MARTINA-NATURE-CLUB-GOLF-CHILE-1.pdf\" target=\"_blank\" rel=\"noopener\">Descargar PDF<\/a><\/td><\/tr><tr><td>\u00a0<\/td><td>Santiago<\/td><td>Prince of Walles Country Club<\/td><td>30<\/td><td><a href=\"https:\/\/qtgc.com\/menu\/wp-content\/uploads\/2025\/08\/PRINCE-OF-WALES-COUNTRY-CLUB-CHILE-1.pdf\" target=\"_blank\" rel=\"noopener\">Descargar PDF<\/a><\/td><\/tr><tr><td>Espa\u00f1a<\/td><td>Barcelona<\/td><td>Club de Golf Sant Cugat<\/td><td>10<\/td><td><a href=\"https:\/\/qtgc.com\/menu\/wp-content\/uploads\/2025\/08\/SAN-CUGAT-ESPANA-1.pdf\" target=\"_blank\" rel=\"noopener\">Descargar PDF<\/a><\/td><\/tr><tr><td>\u00a0<\/td><td>Barcelona<\/td><td>Real Club de Polo de Barcelona<\/td><td>20<\/td><td><a href=\"https:\/\/qtgc.com\/menu\/wp-content\/uploads\/2025\/08\/POLO-DE-BARCELONA-ESPANA-1.pdf\" target=\"_blank\" rel=\"noopener\">Descargar PDF<\/a><\/td><\/tr><tr><td>\u00a0<\/td><td>Madrid<\/td><td>Real Club de La Puerta de Hierro<\/td><td>8<\/td><td><a href=\"https:\/\/qtgc.com\/menu\/wp-content\/uploads\/2025\/08\/PUERTA-DE-HIERRO-ESPANA-1.pdf\" target=\"_blank\" rel=\"noopener\">Descargar PDF<\/a><\/td><\/tr><tr><td>\u00a0<\/td><td>Madrid<\/td><td>Club Casino de Madrid<\/td><td>30<\/td><td><a href=\"https:\/\/qtgc.com\/menu\/wp-content\/uploads\/2025\/08\/CLUB-CASINO-DE-MADRID-ESPANA.pdf\" target=\"_blank\" rel=\"noopener\">Descargar PDF<\/a><\/td><\/tr><tr><td>\u00a0<\/td><td>Sevilla<\/td><td>Real Club Pineda de Sevilla<\/td><td>20<\/td><td><a href=\"https:\/\/qtgc.com\/menu\/wp-content\/uploads\/2025\/08\/CLUB-PINEDA-DE-SEVILLA-ESPANA.pdf\" target=\"_blank\" rel=\"noopener\">Descargar PDF<\/a><\/td><\/tr><tr><td>\u00a0<\/td><td>La Coru\u00f1a<\/td><td>Real Club de La Coru\u00f1a<\/td><td>10<\/td><td><a href=\"https:\/\/qtgc.com\/menu\/wp-content\/uploads\/2025\/08\/CLUB-DE-GOLF-LA-CORUNA-ESPANA-1.pdf\" target=\"_blank\" rel=\"noopener\">Descargar PDF<\/a><\/td><\/tr><tr><td>Nicaragua<\/td><td>Managua<\/td><td>Nejapa Golf Country Club<\/td><td>Sin l\u00edmite<\/td><td><a href=\"https:\/\/qtgc.com\/menu\/wp-content\/uploads\/2025\/08\/NEJAPA-GOLF-COUNTRY-CLUB-NICARAGUA-1.pdf\" target=\"_blank\" rel=\"noopener\">Descargar PDF<\/a><\/td><\/tr><tr><td>Panam\u00e1<\/td><td>Panam\u00e1<\/td><td>Club de Golf de Panam\u00e1<\/td><td>30<\/td><td><a href=\"https:\/\/qtgc.com\/menu\/wp-content\/uploads\/2025\/08\/CLUB-DE-GOLF-DE-PANAMA-PANAMA-1.pdf\" target=\"_blank\" rel=\"noopener\">Descargar PDF<\/a><\/td><\/tr><tr><td>Paraguay<\/td><td>Asunci\u00f3n<\/td><td>Club Centenario<\/td><td>30<\/td><td><a href=\"https:\/\/qtgc.com\/menu\/wp-content\/uploads\/2025\/08\/CLUB-CENTENARIO-PARAGUAY-1.pdf\" target=\"_blank\" rel=\"noopener\">Descargar PDF<\/a><\/td><\/tr><tr><td>\u00a0<\/td><td>Asunci\u00f3n<\/td><td>Asunci\u00f3n Golf Club<\/td><td>30<\/td><td><a href=\"https:\/\/qtgc.com\/menu\/wp-content\/uploads\/2025\/08\/ASUNCION-GOLF-CLUB-PARAGUAY-1.pdf\" target=\"_blank\" rel=\"noopener\">Descargar PDF<\/a><\/td><\/tr><tr><td>Per\u00fa<\/td><td>Lima<\/td><td>Country Club de Villa<\/td><td>30<\/td><td><a href=\"https:\/\/qtgc.com\/menu\/wp-content\/uploads\/2025\/08\/COUNTY-CLUB-DE-VILLA-PERU-1.pdf\" target=\"_blank\" rel=\"noopener\">Descargar PDF<\/a><\/td><\/tr><tr><td>\u00a0<\/td><td>Lima<\/td><td>Lima Golf Club<\/td><td>28<\/td><td><a href=\"https:\/\/qtgc.com\/menu\/wp-content\/uploads\/2025\/08\/LIMA-GOLF-CLUB-PERU-1.pdf\" target=\"_blank\" rel=\"noopener\">Descargar PDF<\/a><\/td><\/tr><tr><td>\u00a0<\/td><td>Lima<\/td><td>Los Inkas Golf Club<\/td><td>15<\/td><td><a href=\"https:\/\/qtgc.com\/menu\/wp-content\/uploads\/2025\/08\/LON-INKAS-GOLF-CLUB-PERU-1.pdf\" target=\"_blank\" rel=\"noopener\">Descargar PDF<\/a><\/td><\/tr><tr><td>Uruguay<\/td><td>Montevideo<\/td><td>Club de Golf del Uruguay<\/td><td>30<\/td><td><a href=\"https:\/\/qtgc.com\/menu\/wp-content\/uploads\/2025\/08\/CLUB-DE-GOLF-DEL-URUGUAY-URUGUAY-1.pdf\" target=\"_blank\" rel=\"noopener\">Descargar PDF<\/a><\/td><\/tr><tr><td>Venezuela<\/td><td>Caracas<\/td><td>Izcaragua Country Club<\/td><td>30<\/td><td><a href=\"https:\/\/qtgc.com\/menu\/wp-content\/uploads\/2025\/08\/IZCARAGUA-COUNTRY-CLUB-VENEZUELA-1.pdf\" target=\"_blank\" rel=\"noopener\">Descargar PDF<\/a><\/td><\/tr><tr><td>M\u00e9xico<\/td><td>Ciudad de M\u00e9xico<\/td><td>Club de Golf Valle Escondido<\/td><td>2<\/td><td><a href=\"https:\/\/qtgc.com\/menu\/wp-content\/uploads\/2025\/08\/CLUB-DE-GOLF-VALLESCONDIDO-MEXICO-1.pdf\" target=\"_blank\" rel=\"noopener\">Descargar PDF<\/a><\/td><\/tr><tr><td>Ecuador<\/td><td>Guayaquil<\/td><td>Guayaquil Country Club<\/td><td>30<\/td><td>\u00a0<\/td><\/tr><tr><td>\u00a0<\/td><td>Cuenca<\/td><td>Cuenca Tenis y Golf Club<\/td><td>30<\/td><td>\u00a0<\/td><\/tr><tr><td>\u00a0<\/td><td>Salinas<\/td><td>Salinas Yacht Club<\/td><td>30 (\u00fanicamente en: julio, agosto y septiembre)<\/td><td>\u00a0<\/td><\/tr><\/tbody><\/table><\/div>\t\t\t\t\t\t\t\t<\/div>\n\t\t\t\t<\/div>\n\t\t\t\t<\/div>\n\t\t\t\t<\/div>\n\t\t\t\t<\/div>\n\t\t\t\t<\/div>\n\t\t\t\t<\/div>\n\t\t","protected":false},"excerpt":{"rendered":"<p>\u00bfVAS A VIAJAR? Recuerda que puedes utilizar los siguientes Clubes como corresponsal\u00edas del QTGC y disfrutar de todos sus beneficios. Condiciones: Solicitar el canje con 72 horas de anticipaci\u00f3n a su visita. No se emiten canjes para clubes cuya ubicaci\u00f3n es la misma a la de su residencia actual. El socio deber\u00e1 acogerse a los [&hellip;]<\/p>\n","protected":false},"author":1,"featured_media":0,"parent":7,"menu_order":0,"comment_status":"closed","ping_status":"closed","template":"elementor_header_footer","meta":{"footnotes":""},"class_list":["post-2746","page","type-page","status-publish","hentry"],"_links":{"self":[{"href":"https:\/\/qtgc.com\/menu\/wp-json\/wp\/v2\/pages\/2746","targetHints":{"allow":["GET"]}}],"collection":[{"href":"https:\/\/qtgc.com\/menu\/wp-json\/wp\/v2\/pages"}],"about":[{"href":"https:\/\/qtgc.com\/menu\/wp-json\/wp\/v2\/types\/page"}],"author":[{"embeddable":true,"href":"https:\/\/qtgc.com\/menu\/wp-json\/wp\/v2\/users\/1"}],"replies":[{"embeddable":true,"href":"https:\/\/qtgc.com\/menu\/wp-json\/wp\/v2\/comments?post=2746"}],"version-history":[{"count":163,"href":"https:\/\/qtgc.com\/menu\/wp-json\/wp\/v2\/pages\/2746\/revisions"}],"predecessor-version":[{"id":3026,"href":"https:\/\/qtgc.com\/menu\/wp-json\/wp\/v2\/pages\/2746\/revisions\/3026"}],"up":[{"embeddable":true,"href":"https:\/\/qtgc.com\/menu\/wp-json\/wp\/v2\/pages\/7"}],"wp:attachment":[{"href":"https:\/\/qtgc.com\/menu\/wp-json\/wp\/v2\/media?parent=2746"}],"curies":[{"name":"wp","href":"https:\/\/api.w.org\/{rel}","templated":true}]}}